{"id":873,"date":"2023-08-12T16:27:38","date_gmt":"2023-08-12T16:27:38","guid":{"rendered":"https:\/\/www.dekanter-wines.com\/shop\/?post_type=product&#038;p=873"},"modified":"2024-12-02T18:17:12","modified_gmt":"2024-12-02T18:17:12","slug":"cabernet-sauvignon-eminent-constantini-0-75-l","status":"publish","type":"product","link":"https:\/\/www.dekanter-wines.com\/shop\/izdelek\/cabernet-sauvignon-eminent-constantini-0-75-l\/","title":{"rendered":"Cabernet Sauvignon Eminent, Constantini (0.75 l)"},"content":{"rendered":"<section class=\"wpb-content-wrapper\"><p>[vc_row][vc_column][vc_column_text]Minister za zdravje opozarja: Prekomerno pitje alkohola \u0161koduje zdravju![\/vc_column_text][\/vc_column][\/vc_row]<\/p>\n<\/section>","protected":false},"excerpt":{"rendered":"<p>Suho vino. Cabernet Sauvignon. Intenzivna rubinasto rde\u010da barva. V cvetici zaznamo \u010drni ribez, borovnice, suhe slive s finimi za\u010dimbami, usnje iz ozadja. Usklajenost kompleksnih arom s prijetno kislino in zrelimi tanini. Strukturno in elegantno vino polnega telesa, odraz terroirja. Bogat, dolg in plemenit pookus.<\/p>\n","protected":false},"featured_media":874,"template":"","meta":[],"product_cat":[16,24],"product_tag":[],"_links":{"self":[{"href":"https:\/\/www.dekanter-wines.com\/shop\/wp-json\/wp\/v2\/product\/873"}],"collection":[{"href":"https:\/\/www.dekanter-wines.com\/shop\/wp-json\/wp\/v2\/product"}],"about":[{"href":"https:\/\/www.dekanter-wines.com\/shop\/wp-json\/wp\/v2\/types\/product"}],"wp:featuredmedia":[{"embeddable":true,"href":"https:\/\/www.dekanter-wines.com\/shop\/wp-json\/wp\/v2\/media\/874"}],"wp:attachment":[{"href":"https:\/\/www.dekanter-wines.com\/shop\/wp-json\/wp\/v2\/media?parent=873"}],"wp:term":[{"taxonomy":"product_cat","embeddable":true,"href":"https:\/\/www.dekanter-wines.com\/shop\/wp-json\/wp\/v2\/product_cat?post=873"},{"taxonomy":"product_tag","embeddable":true,"href":"https:\/\/www.dekanter-wines.com\/shop\/wp-json\/wp\/v2\/product_tag?post=873"}],"curies":[{"name":"wp","href":"https:\/\/api.w.org\/{rel}","templated":true}]}}