{"id":813,"date":"2023-08-09T17:37:24","date_gmt":"2023-08-09T17:37:24","guid":{"rendered":"https:\/\/www.dekanter-wines.com\/shop\/?post_type=product&#038;p=813"},"modified":"2025-09-01T19:52:18","modified_gmt":"2025-09-01T17:52:18","slug":"rebula-selekcija-amber-batic-0-75-l","status":"publish","type":"product","link":"https:\/\/www.dekanter-wines.com\/shop\/izdelek\/rebula-selekcija-amber-batic-0-75-l\/","title":{"rendered":"Rebula Selekcija Amber, Bati\u010d (0.75 l)"},"content":{"rendered":"<section class=\"wpb-content-wrapper\"><p>[vc_row][vc_column][vc_column_text]Minister za zdravje opozarja: Prekomerno pitje alkohola \u0161koduje zdravju![\/vc_column_text][\/vc_column][\/vc_row]<\/p>\n<\/section>","protected":false},"excerpt":{"rendered":"<p>Suho vino. Srednje globoke zlatorumene barve. Mladostna, di\u0161e\u010da, neobi\u010dajno aromati\u010dna. Po hru\u0161kah, bananah, zrelem so\u010dnem sadju s kan\u010dkom po maslu in rum, nageljnovih \u017ebicah. Suho, krepkej\u0161ega telesa, tekstura je oljnata, voljna, fina. Sadni naboj je tudi v ustih dobro izra\u017een, bogat, pester. Toplo v ustih. Zelo dobra rebula, z dolgim zatonom.<\/p>\n","protected":false},"featured_media":814,"template":"","meta":[],"product_cat":[16,22],"product_tag":[],"_links":{"self":[{"href":"https:\/\/www.dekanter-wines.com\/shop\/wp-json\/wp\/v2\/product\/813"}],"collection":[{"href":"https:\/\/www.dekanter-wines.com\/shop\/wp-json\/wp\/v2\/product"}],"about":[{"href":"https:\/\/www.dekanter-wines.com\/shop\/wp-json\/wp\/v2\/types\/product"}],"wp:featuredmedia":[{"embeddable":true,"href":"https:\/\/www.dekanter-wines.com\/shop\/wp-json\/wp\/v2\/media\/814"}],"wp:attachment":[{"href":"https:\/\/www.dekanter-wines.com\/shop\/wp-json\/wp\/v2\/media?parent=813"}],"wp:term":[{"taxonomy":"product_cat","embeddable":true,"href":"https:\/\/www.dekanter-wines.com\/shop\/wp-json\/wp\/v2\/product_cat?post=813"},{"taxonomy":"product_tag","embeddable":true,"href":"https:\/\/www.dekanter-wines.com\/shop\/wp-json\/wp\/v2\/product_tag?post=813"}],"curies":[{"name":"wp","href":"https:\/\/api.w.org\/{rel}","templated":true}]}}