{"id":809,"date":"2023-08-09T17:27:06","date_gmt":"2023-08-09T17:27:06","guid":{"rendered":"https:\/\/www.dekanter-wines.com\/shop\/?post_type=product&#038;p=809"},"modified":"2024-12-02T18:52:44","modified_gmt":"2024-12-02T18:52:44","slug":"zaria-amber-cuvee-batic-0-75-l","status":"publish","type":"product","link":"https:\/\/www.dekanter-wines.com\/shop\/izdelek\/zaria-amber-cuvee-batic-0-75-l\/","title":{"rendered":"Zaria Amber Cuvee, Bati\u010d (0.75 l)"},"content":{"rendered":"<section class=\"wpb-content-wrapper\"><p>[vc_row][vc_column][vc_column_text]Minister za zdravje opozarja: Prekomerno pitje alkohola \u0161koduje zdravju![\/vc_column_text][\/vc_column][\/vc_row]<\/p>\n<\/section>","protected":false},"excerpt":{"rendered":"<p>Suho vino (Zelen, Pinela, Rebula, Vitovska). Barva je globlja jantarna. Cvetica je poudarjena, dvignjena, di\u0161e\u010da, cvetna in rahlo pikantna. Najdemo tudi suhe pomaran\u010de, lupino grenivke. Zelo pestro. V ustih je vino suho, prijetno trpkasto, z obilico zrelih kislin. Tekstura je oljnata, karakter iz cvetice se ponovi in razbohoti po vsej ustni votlini z nekoliko animali\u010dnim pookusom. Zelo samosvoje, karakterno vino.<\/p>\n","protected":false},"featured_media":810,"template":"","meta":[],"product_cat":[16,22],"product_tag":[],"_links":{"self":[{"href":"https:\/\/www.dekanter-wines.com\/shop\/wp-json\/wp\/v2\/product\/809"}],"collection":[{"href":"https:\/\/www.dekanter-wines.com\/shop\/wp-json\/wp\/v2\/product"}],"about":[{"href":"https:\/\/www.dekanter-wines.com\/shop\/wp-json\/wp\/v2\/types\/product"}],"wp:featuredmedia":[{"embeddable":true,"href":"https:\/\/www.dekanter-wines.com\/shop\/wp-json\/wp\/v2\/media\/810"}],"wp:attachment":[{"href":"https:\/\/www.dekanter-wines.com\/shop\/wp-json\/wp\/v2\/media?parent=809"}],"wp:term":[{"taxonomy":"product_cat","embeddable":true,"href":"https:\/\/www.dekanter-wines.com\/shop\/wp-json\/wp\/v2\/product_cat?post=809"},{"taxonomy":"product_tag","embeddable":true,"href":"https:\/\/www.dekanter-wines.com\/shop\/wp-json\/wp\/v2\/product_tag?post=809"}],"curies":[{"name":"wp","href":"https:\/\/api.w.org\/{rel}","templated":true}]}}