{"id":806,"date":"2023-08-09T17:22:23","date_gmt":"2023-08-09T17:22:23","guid":{"rendered":"https:\/\/www.dekanter-wines.com\/shop\/?post_type=product&#038;p=806"},"modified":"2024-12-02T18:53:38","modified_gmt":"2024-12-02T18:53:38","slug":"malvazija-selekcija-amber-batic-0-75-l","status":"publish","type":"product","link":"https:\/\/www.dekanter-wines.com\/shop\/izdelek\/malvazija-selekcija-amber-batic-0-75-l\/","title":{"rendered":"Malvazija Selekcija Amber, Bati\u010d (0.75 l)"},"content":{"rendered":"<section class=\"wpb-content-wrapper\"><p>[vc_row][vc_column][vc_column_text]Minister za zdravje opozarja: Prekomerno pitje alkohola \u0161koduje zdravju![\/vc_column_text][\/vc_column][\/vc_row]<\/p>\n<\/section>","protected":false},"excerpt":{"rendered":"<p>Suho vino. Globlje zlatorumene barve z jantarnimi odtenki. Cvetica je poudarjena, po medu, lupinah pomaran\u010de, fini borovi smoli, smrekovih vr\u0161i\u010dih. Mladostno (in zrelo obenem), suho v ustih, a ne popolnoma. Srednjega telesa z lepo mero zrelih kislin. Malce trpkasto, zgolj za ob\u010dutek. Polnega okusa, slano, vino ponudi lepo napetost ob dobri teksturi. Okusna, dolga, samosvoja, zelo dobra<\/p>\n","protected":false},"featured_media":807,"template":"","meta":[],"product_cat":[16,22],"product_tag":[],"_links":{"self":[{"href":"https:\/\/www.dekanter-wines.com\/shop\/wp-json\/wp\/v2\/product\/806"}],"collection":[{"href":"https:\/\/www.dekanter-wines.com\/shop\/wp-json\/wp\/v2\/product"}],"about":[{"href":"https:\/\/www.dekanter-wines.com\/shop\/wp-json\/wp\/v2\/types\/product"}],"wp:featuredmedia":[{"embeddable":true,"href":"https:\/\/www.dekanter-wines.com\/shop\/wp-json\/wp\/v2\/media\/807"}],"wp:attachment":[{"href":"https:\/\/www.dekanter-wines.com\/shop\/wp-json\/wp\/v2\/media?parent=806"}],"wp:term":[{"taxonomy":"product_cat","embeddable":true,"href":"https:\/\/www.dekanter-wines.com\/shop\/wp-json\/wp\/v2\/product_cat?post=806"},{"taxonomy":"product_tag","embeddable":true,"href":"https:\/\/www.dekanter-wines.com\/shop\/wp-json\/wp\/v2\/product_tag?post=806"}],"curies":[{"name":"wp","href":"https:\/\/api.w.org\/{rel}","templated":true}]}}