{"id":799,"date":"2023-08-09T17:09:37","date_gmt":"2023-08-09T17:09:37","guid":{"rendered":"https:\/\/www.dekanter-wines.com\/shop\/?post_type=product&#038;p=799"},"modified":"2024-12-02T18:55:56","modified_gmt":"2024-12-02T18:55:56","slug":"malvazija-eco-cotar-0-75-l","status":"publish","type":"product","link":"https:\/\/www.dekanter-wines.com\/shop\/izdelek\/malvazija-eco-cotar-0-75-l\/","title":{"rendered":"Malvazija eco, \u010cotar (0.75 l)"},"content":{"rendered":"<section class=\"wpb-content-wrapper\"><p>[vc_row][vc_column][vc_column_text]Minister za zdravje opozarja: Prekomerno pitje alkohola \u0161koduje zdravju![\/vc_column_text][\/vc_column][\/vc_row]<\/p>\n<\/section>","protected":false},"excerpt":{"rendered":"<p>Suho vino. Barva je srednje poudarjena zlatorumena z nekaj jantarnimi odtenki, rahlo motna. Cvetica je poudarjena, di\u0161i po marelicah,\u00a0lupini pomaran\u010d, borovi smoli, suhem cvetju, senu. V ustih je vino suho, vi\u0161jih kislin, s kar lepo vsebnostjo taninov in kan\u010dkom grenkosti. Srednje dolg pookus, dobro izdelana malvazija v slogu \u00bboran\u017enih\u00ab vin<\/p>\n","protected":false},"featured_media":800,"template":"","meta":[],"product_cat":[16,22],"product_tag":[],"_links":{"self":[{"href":"https:\/\/www.dekanter-wines.com\/shop\/wp-json\/wp\/v2\/product\/799"}],"collection":[{"href":"https:\/\/www.dekanter-wines.com\/shop\/wp-json\/wp\/v2\/product"}],"about":[{"href":"https:\/\/www.dekanter-wines.com\/shop\/wp-json\/wp\/v2\/types\/product"}],"wp:featuredmedia":[{"embeddable":true,"href":"https:\/\/www.dekanter-wines.com\/shop\/wp-json\/wp\/v2\/media\/800"}],"wp:attachment":[{"href":"https:\/\/www.dekanter-wines.com\/shop\/wp-json\/wp\/v2\/media?parent=799"}],"wp:term":[{"taxonomy":"product_cat","embeddable":true,"href":"https:\/\/www.dekanter-wines.com\/shop\/wp-json\/wp\/v2\/product_cat?post=799"},{"taxonomy":"product_tag","embeddable":true,"href":"https:\/\/www.dekanter-wines.com\/shop\/wp-json\/wp\/v2\/product_tag?post=799"}],"curies":[{"name":"wp","href":"https:\/\/api.w.org\/{rel}","templated":true}]}}