{"id":783,"date":"2023-08-09T16:34:03","date_gmt":"2023-08-09T16:34:03","guid":{"rendered":"https:\/\/www.dekanter-wines.com\/shop\/?post_type=product&#038;p=783"},"modified":"2024-12-02T19:04:02","modified_gmt":"2024-12-02T19:04:02","slug":"de-baguer-cuvee-chardonnay-sauvignon","status":"publish","type":"product","link":"https:\/\/www.dekanter-wines.com\/shop\/izdelek\/de-baguer-cuvee-chardonnay-sauvignon\/","title":{"rendered":"De Baguer, cuvee (Chardonnay, Sauvignon)"},"content":{"rendered":"<section class=\"wpb-content-wrapper\"><p>[vc_row][vc_column][vc_column_text]Minister za zdravje opozarja: Prekomerno pitje alkohola \u0161koduje zdravju![\/vc_column_text][\/vc_column][\/vc_row]<\/p>\n<\/section>","protected":false},"excerpt":{"rendered":"<div class=\"product__description__content\" data-appearance=\" Zlato rumene barve z zelenim odtenkom.\">Vino je zlato rumene barve z zelenim odtenkom. Na nos je zaznati aroma grenivke, breskve, dozorelega ananasa, dodatna nota pra\u017eenih ore\u0161\u010dkov, kruhove skorje, vanilje in laporja. V ustih je vino bogato, strukturen, mehak in hkrati zeli\u0161\u010den. Sadni, tropski okus sadja trajen in eleganten. Odhod je dolg in \u017eameten.<\/div>\n","protected":false},"featured_media":784,"template":"","meta":[],"product_cat":[16,23],"product_tag":[],"_links":{"self":[{"href":"https:\/\/www.dekanter-wines.com\/shop\/wp-json\/wp\/v2\/product\/783"}],"collection":[{"href":"https:\/\/www.dekanter-wines.com\/shop\/wp-json\/wp\/v2\/product"}],"about":[{"href":"https:\/\/www.dekanter-wines.com\/shop\/wp-json\/wp\/v2\/types\/product"}],"wp:featuredmedia":[{"embeddable":true,"href":"https:\/\/www.dekanter-wines.com\/shop\/wp-json\/wp\/v2\/media\/784"}],"wp:attachment":[{"href":"https:\/\/www.dekanter-wines.com\/shop\/wp-json\/wp\/v2\/media?parent=783"}],"wp:term":[{"taxonomy":"product_cat","embeddable":true,"href":"https:\/\/www.dekanter-wines.com\/shop\/wp-json\/wp\/v2\/product_cat?post=783"},{"taxonomy":"product_tag","embeddable":true,"href":"https:\/\/www.dekanter-wines.com\/shop\/wp-json\/wp\/v2\/product_tag?post=783"}],"curies":[{"name":"wp","href":"https:\/\/api.w.org\/{rel}","templated":true}]}}