{"id":779,"date":"2023-08-09T16:13:31","date_gmt":"2023-08-09T16:13:31","guid":{"rendered":"https:\/\/www.dekanter-wines.com\/shop\/?post_type=product&#038;p=779"},"modified":"2024-12-02T19:05:01","modified_gmt":"2024-12-02T19:05:01","slug":"cabernet-frank-muse-constantini-0-75-l","status":"publish","type":"product","link":"https:\/\/www.dekanter-wines.com\/shop\/izdelek\/cabernet-frank-muse-constantini-0-75-l\/","title":{"rendered":"Cabernet Frank Muse, Constantini (0.75 l)"},"content":{"rendered":"<section class=\"wpb-content-wrapper\"><p>[vc_row][vc_column][vc_column_text]Minister za zdravje opozarja: Prekomerno pitje alkohola \u0161koduje zdravju![\/vc_column_text][\/vc_column][\/vc_row]<\/p>\n<\/section>","protected":false},"excerpt":{"rendered":"<p>Suho vino. \u017divahna, temno rubinasta barva. Po dalj\u0161em zorenju pridobi rubinasto ope\u010dnate odtenke. Plemenita cvetica. Zaznavajo se kompleksne note zrelega sadja, vijolic, \u010de\u0161enj v likerju, likviricije, toasta, belega popra, usnja, \u00bbgoudron\u00ab. Strukturen in persistenten okus. Zreli, mehki tanini. Vino deluje elegantno, mineralno in prijetno sve\u017ee. Dolg in plemenit pookus<\/p>\n","protected":false},"featured_media":780,"template":"","meta":[],"product_cat":[16,24],"product_tag":[],"_links":{"self":[{"href":"https:\/\/www.dekanter-wines.com\/shop\/wp-json\/wp\/v2\/product\/779"}],"collection":[{"href":"https:\/\/www.dekanter-wines.com\/shop\/wp-json\/wp\/v2\/product"}],"about":[{"href":"https:\/\/www.dekanter-wines.com\/shop\/wp-json\/wp\/v2\/types\/product"}],"wp:featuredmedia":[{"embeddable":true,"href":"https:\/\/www.dekanter-wines.com\/shop\/wp-json\/wp\/v2\/media\/780"}],"wp:attachment":[{"href":"https:\/\/www.dekanter-wines.com\/shop\/wp-json\/wp\/v2\/media?parent=779"}],"wp:term":[{"taxonomy":"product_cat","embeddable":true,"href":"https:\/\/www.dekanter-wines.com\/shop\/wp-json\/wp\/v2\/product_cat?post=779"},{"taxonomy":"product_tag","embeddable":true,"href":"https:\/\/www.dekanter-wines.com\/shop\/wp-json\/wp\/v2\/product_tag?post=779"}],"curies":[{"name":"wp","href":"https:\/\/api.w.org\/{rel}","templated":true}]}}