{"id":774,"date":"2023-08-08T18:14:32","date_gmt":"2023-08-08T18:14:32","guid":{"rendered":"https:\/\/www.dekanter-wines.com\/shop\/?post_type=product&#038;p=774"},"modified":"2024-12-02T19:05:55","modified_gmt":"2024-12-02T19:05:55","slug":"peneca-rebula-klet-brda-0-75-l","status":"publish","type":"product","link":"https:\/\/www.dekanter-wines.com\/shop\/izdelek\/peneca-rebula-klet-brda-0-75-l\/","title":{"rendered":"Pene\u010da rebula, Klet Brda (0.75 l)"},"content":{"rendered":"<section class=\"wpb-content-wrapper\"><p>[vc_row][vc_column][vc_column_text]Minister za zdravje opozarja: Prekomerno pitje alkohola \u0161koduje zdravju![\/vc_column_text][\/vc_column][\/vc_row]<\/p>\n<\/section>","protected":false},"excerpt":{"rendered":"<p>Suho vino. Videz: Limonasto rumene barve z neskon\u010dnimi verigami mehur\u010dkov. Aroma: Najprej zadr\u017eana, nato pa \u017ege\u010dkljivo sadna (zeleno jabolko in citrusi). Okus: Zna\u010dilna intenzivnost karakterja rebule, \u017eivahna sve\u017eina.<\/p>\n","protected":false},"featured_media":775,"template":"","meta":[],"product_cat":[16,20],"product_tag":[],"_links":{"self":[{"href":"https:\/\/www.dekanter-wines.com\/shop\/wp-json\/wp\/v2\/product\/774"}],"collection":[{"href":"https:\/\/www.dekanter-wines.com\/shop\/wp-json\/wp\/v2\/product"}],"about":[{"href":"https:\/\/www.dekanter-wines.com\/shop\/wp-json\/wp\/v2\/types\/product"}],"wp:featuredmedia":[{"embeddable":true,"href":"https:\/\/www.dekanter-wines.com\/shop\/wp-json\/wp\/v2\/media\/775"}],"wp:attachment":[{"href":"https:\/\/www.dekanter-wines.com\/shop\/wp-json\/wp\/v2\/media?parent=774"}],"wp:term":[{"taxonomy":"product_cat","embeddable":true,"href":"https:\/\/www.dekanter-wines.com\/shop\/wp-json\/wp\/v2\/product_cat?post=774"},{"taxonomy":"product_tag","embeddable":true,"href":"https:\/\/www.dekanter-wines.com\/shop\/wp-json\/wp\/v2\/product_tag?post=774"}],"curies":[{"name":"wp","href":"https:\/\/api.w.org\/{rel}","templated":true}]}}