{"id":771,"date":"2023-08-08T17:56:08","date_gmt":"2023-08-08T17:56:08","guid":{"rendered":"https:\/\/www.dekanter-wines.com\/shop\/?post_type=product&#038;p=771"},"modified":"2024-12-02T19:08:26","modified_gmt":"2024-12-02T19:08:26","slug":"de-baguer-cuvee-merlot-cabernet-franc-075-l-klet-brda","status":"publish","type":"product","link":"https:\/\/www.dekanter-wines.com\/shop\/izdelek\/de-baguer-cuvee-merlot-cabernet-franc-075-l-klet-brda\/","title":{"rendered":"De Baguer, cuvee (Merlot, Cabernet Franc), 0,75 L, Klet Brda"},"content":{"rendered":"<section class=\"wpb-content-wrapper\"><p>[vc_row][vc_column][vc_column_text]Minister za zdravje opozarja: Prekomerno pitje alkohola \u0161koduje zdravju![\/vc_column_text][\/vc_column][\/vc_row]<\/p>\n<\/section>","protected":false},"excerpt":{"rendered":"<p>Vino je temno, rubinasto rde\u010de barve z vijoli\u010dno noto. Na nos se zazna\u00a0 sadnost merlota, murva, sliva, rde\u010de jagodi\u010devje, se prepleta z zeli\u0161\u010dno noto Cabernet Franca.\u00a0 V ustih je vino polnega elegantnega telesa, sadnost se prepleta z zeli\u0161\u010dnostjo in pikantnostjo zelenega popra, dolg \u010dokoladen, kavnat pookus.<\/p>\n","protected":false},"featured_media":772,"template":"","meta":[],"product_cat":[16,24],"product_tag":[],"_links":{"self":[{"href":"https:\/\/www.dekanter-wines.com\/shop\/wp-json\/wp\/v2\/product\/771"}],"collection":[{"href":"https:\/\/www.dekanter-wines.com\/shop\/wp-json\/wp\/v2\/product"}],"about":[{"href":"https:\/\/www.dekanter-wines.com\/shop\/wp-json\/wp\/v2\/types\/product"}],"wp:featuredmedia":[{"embeddable":true,"href":"https:\/\/www.dekanter-wines.com\/shop\/wp-json\/wp\/v2\/media\/772"}],"wp:attachment":[{"href":"https:\/\/www.dekanter-wines.com\/shop\/wp-json\/wp\/v2\/media?parent=771"}],"wp:term":[{"taxonomy":"product_cat","embeddable":true,"href":"https:\/\/www.dekanter-wines.com\/shop\/wp-json\/wp\/v2\/product_cat?post=771"},{"taxonomy":"product_tag","embeddable":true,"href":"https:\/\/www.dekanter-wines.com\/shop\/wp-json\/wp\/v2\/product_tag?post=771"}],"curies":[{"name":"wp","href":"https:\/\/api.w.org\/{rel}","templated":true}]}}