{"id":764,"date":"2023-08-08T17:07:33","date_gmt":"2023-08-08T17:07:33","guid":{"rendered":"https:\/\/www.dekanter-wines.com\/shop\/?post_type=product&#038;p=764"},"modified":"2024-12-02T19:11:20","modified_gmt":"2024-12-02T19:11:20","slug":"retro-selection-amber-cuvee-eco-guerila-0-75-l","status":"publish","type":"product","link":"https:\/\/www.dekanter-wines.com\/shop\/izdelek\/retro-selection-amber-cuvee-eco-guerila-0-75-l\/","title":{"rendered":"Retro selection Amber Cuvee eco, Guerila (0.75 l)"},"content":{"rendered":"<section class=\"wpb-content-wrapper\"><p>[vc_row][vc_column][vc_column_text]Minister za zdravje opozarja: Prekomerno pitje alkohola \u0161koduje zdravju![\/vc_column_text][\/vc_column][\/vc_row]<\/p>\n<\/section>","protected":false},"excerpt":{"rendered":"<p>Suho vino (Pinela, Zelen, Rebula, Malvazija). Globoke zlatorumene barve z jantarnimi odtenki. Ne povsem bistro. Cvetica je poudarjena, mladostna. Izstopa akacija, najdemo \u0161e lesne note, marelico, dim. Fino, kompleksno, prepleteno. Suho v ustih, zmernih kislin, z izjemno intenzivnostjo okusa, krepkej\u0161e, slano, okusno, predvsem pa zelo dolgo. Neko\u010d izdatna trpkost zaradi dalj\u0161ega stika s ko\u017eico je v tem vinu popolnoma ukro\u010dena in civilizirana. Odli\u010dna vipavska zvrst! \u0160e mlado.<\/p>\n","protected":false},"featured_media":765,"template":"","meta":[],"product_cat":[16,22],"product_tag":[],"_links":{"self":[{"href":"https:\/\/www.dekanter-wines.com\/shop\/wp-json\/wp\/v2\/product\/764"}],"collection":[{"href":"https:\/\/www.dekanter-wines.com\/shop\/wp-json\/wp\/v2\/product"}],"about":[{"href":"https:\/\/www.dekanter-wines.com\/shop\/wp-json\/wp\/v2\/types\/product"}],"wp:featuredmedia":[{"embeddable":true,"href":"https:\/\/www.dekanter-wines.com\/shop\/wp-json\/wp\/v2\/media\/765"}],"wp:attachment":[{"href":"https:\/\/www.dekanter-wines.com\/shop\/wp-json\/wp\/v2\/media?parent=764"}],"wp:term":[{"taxonomy":"product_cat","embeddable":true,"href":"https:\/\/www.dekanter-wines.com\/shop\/wp-json\/wp\/v2\/product_cat?post=764"},{"taxonomy":"product_tag","embeddable":true,"href":"https:\/\/www.dekanter-wines.com\/shop\/wp-json\/wp\/v2\/product_tag?post=764"}],"curies":[{"name":"wp","href":"https:\/\/api.w.org\/{rel}","templated":true}]}}