{"id":756,"date":"2023-08-08T16:51:09","date_gmt":"2023-08-08T16:51:09","guid":{"rendered":"https:\/\/www.dekanter-wines.com\/shop\/?post_type=product&#038;p=756"},"modified":"2024-12-02T19:13:16","modified_gmt":"2024-12-02T19:13:16","slug":"pinela-eco-guerila-0-75-l","status":"publish","type":"product","link":"https:\/\/www.dekanter-wines.com\/shop\/izdelek\/pinela-eco-guerila-0-75-l\/","title":{"rendered":"Pinela eco, Guerila (0.75 l)"},"content":{"rendered":"<section class=\"wpb-content-wrapper\"><p>[vc_row][vc_column][vc_column_text]Minister za zdravje opozarja: Prekomerno pitje alkohola \u0161koduje zdravju![\/vc_column_text][\/vc_column][\/vc_row]<\/p>\n<\/section>","protected":false},"excerpt":{"rendered":"<p>Suho vino. Vino je ne\u017ene limonasto rumene barve. Cvetica je mladostna, so\u010dna, zelo pestra, malce neukro\u010dena, brezkompromisna. Marelica, cvetje, jagoda, hru\u0161ka, kan\u010dek zeli\u0161\u010d. V ustih je suho, srednjega telesa, zelo okusno, intenzivnega okusa, z masleno teksturo. Razleze se po ustih in vztraja. Dolga, odli\u010dna, ognjevita pinela.<\/p>\n","protected":false},"featured_media":757,"template":"","meta":[],"product_cat":[16,23],"product_tag":[],"_links":{"self":[{"href":"https:\/\/www.dekanter-wines.com\/shop\/wp-json\/wp\/v2\/product\/756"}],"collection":[{"href":"https:\/\/www.dekanter-wines.com\/shop\/wp-json\/wp\/v2\/product"}],"about":[{"href":"https:\/\/www.dekanter-wines.com\/shop\/wp-json\/wp\/v2\/types\/product"}],"wp:featuredmedia":[{"embeddable":true,"href":"https:\/\/www.dekanter-wines.com\/shop\/wp-json\/wp\/v2\/media\/757"}],"wp:attachment":[{"href":"https:\/\/www.dekanter-wines.com\/shop\/wp-json\/wp\/v2\/media?parent=756"}],"wp:term":[{"taxonomy":"product_cat","embeddable":true,"href":"https:\/\/www.dekanter-wines.com\/shop\/wp-json\/wp\/v2\/product_cat?post=756"},{"taxonomy":"product_tag","embeddable":true,"href":"https:\/\/www.dekanter-wines.com\/shop\/wp-json\/wp\/v2\/product_tag?post=756"}],"curies":[{"name":"wp","href":"https:\/\/api.w.org\/{rel}","templated":true}]}}