{"id":749,"date":"2023-08-07T18:09:48","date_gmt":"2023-08-07T18:09:48","guid":{"rendered":"https:\/\/www.dekanter-wines.com\/shop\/?post_type=product&#038;p=749"},"modified":"2024-12-02T19:18:30","modified_gmt":"2024-12-02T19:18:30","slug":"rebula-selection-amber-eco-guerila-0-75-l","status":"publish","type":"product","link":"https:\/\/www.dekanter-wines.com\/shop\/izdelek\/rebula-selection-amber-eco-guerila-0-75-l\/","title":{"rendered":"Rebula Selection Amber eco, Guerila (0.75 l)"},"content":{"rendered":"<section class=\"wpb-content-wrapper\"><p>[vc_row][vc_column][vc_column_text]Minister za zdravje opozarja: Prekomerno pitje alkohola \u0161koduje zdravju![\/vc_column_text][\/vc_column][\/vc_row]<\/p>\n<\/section>","protected":false},"excerpt":{"rendered":"<p>Suho vino. Globlje zlatorumene barve. Cvetica je di\u0161e\u010da, aromati\u010dna. Zaznamo delno zorenje &#8211; ore\u0161\u010dke, med, maslo, hrastovina, o\u017egan les, kakor tudi prijetne primarne note kot so marelice, so\u010dni rumeni sade\u017ei. Tudi pikantno. Presenetljiva kompleksnost za rebulo. Suho v ustih, z vi\u0161jo mero kislin, malce trpkasto, tekstura je oljnata, srednjega telesa. V ustih je intenzivnej\u0161a, tudi slana. Lepo se razpelje po ustih, kjer vztraja. Pookus je dolg. Odli\u010dno!<\/p>\n","protected":false},"featured_media":750,"template":"","meta":[],"product_cat":[16,22],"product_tag":[],"_links":{"self":[{"href":"https:\/\/www.dekanter-wines.com\/shop\/wp-json\/wp\/v2\/product\/749"}],"collection":[{"href":"https:\/\/www.dekanter-wines.com\/shop\/wp-json\/wp\/v2\/product"}],"about":[{"href":"https:\/\/www.dekanter-wines.com\/shop\/wp-json\/wp\/v2\/types\/product"}],"wp:featuredmedia":[{"embeddable":true,"href":"https:\/\/www.dekanter-wines.com\/shop\/wp-json\/wp\/v2\/media\/750"}],"wp:attachment":[{"href":"https:\/\/www.dekanter-wines.com\/shop\/wp-json\/wp\/v2\/media?parent=749"}],"wp:term":[{"taxonomy":"product_cat","embeddable":true,"href":"https:\/\/www.dekanter-wines.com\/shop\/wp-json\/wp\/v2\/product_cat?post=749"},{"taxonomy":"product_tag","embeddable":true,"href":"https:\/\/www.dekanter-wines.com\/shop\/wp-json\/wp\/v2\/product_tag?post=749"}],"curies":[{"name":"wp","href":"https:\/\/api.w.org\/{rel}","templated":true}]}}