{"id":743,"date":"2023-08-07T17:18:53","date_gmt":"2023-08-07T17:18:53","guid":{"rendered":"https:\/\/www.dekanter-wines.com\/shop\/?post_type=product&#038;p=743"},"modified":"2024-12-02T19:20:52","modified_gmt":"2024-12-02T19:20:52","slug":"malvazija-batic-0-75-l","status":"publish","type":"product","link":"https:\/\/www.dekanter-wines.com\/shop\/izdelek\/malvazija-batic-0-75-l\/","title":{"rendered":"Malvazija, Bati\u010d (0.75 l)"},"content":{"rendered":"<section class=\"wpb-content-wrapper\"><p>[vc_row][vc_column][vc_column_text]Minister za zdravje opozarja: Prekomerno pitje alkohola \u0161koduje zdravju![\/vc_column_text][\/vc_column][\/vc_row]<\/p>\n<\/section>","protected":false},"excerpt":{"rendered":"<p>Suho vino. Ne\u017ene limonaste barve. Cvetica je srednje poudarjena. Zmerna pestrost. Hru\u0161ke, jabolka, gobe de\u017enikarice. Suho v ustih, krepkej\u0161e, z oljnato teksturo in zmernimi kislinami. Lepo uravnote\u017eeno. \u010ce je bil na cvetici nekoliko diskretna, pa se v ustih prav lepo razigra, najdemo \u0161e pikantne note. Sicer ostaja srednje intenzivna, a jasna. Zelo lepo.<\/p>\n","protected":false},"featured_media":744,"template":"","meta":[],"product_cat":[16,23,15],"product_tag":[],"_links":{"self":[{"href":"https:\/\/www.dekanter-wines.com\/shop\/wp-json\/wp\/v2\/product\/743"}],"collection":[{"href":"https:\/\/www.dekanter-wines.com\/shop\/wp-json\/wp\/v2\/product"}],"about":[{"href":"https:\/\/www.dekanter-wines.com\/shop\/wp-json\/wp\/v2\/types\/product"}],"wp:featuredmedia":[{"embeddable":true,"href":"https:\/\/www.dekanter-wines.com\/shop\/wp-json\/wp\/v2\/media\/744"}],"wp:attachment":[{"href":"https:\/\/www.dekanter-wines.com\/shop\/wp-json\/wp\/v2\/media?parent=743"}],"wp:term":[{"taxonomy":"product_cat","embeddable":true,"href":"https:\/\/www.dekanter-wines.com\/shop\/wp-json\/wp\/v2\/product_cat?post=743"},{"taxonomy":"product_tag","embeddable":true,"href":"https:\/\/www.dekanter-wines.com\/shop\/wp-json\/wp\/v2\/product_tag?post=743"}],"curies":[{"name":"wp","href":"https:\/\/api.w.org\/{rel}","templated":true}]}}