{"id":735,"date":"2023-08-07T16:41:12","date_gmt":"2023-08-07T16:41:12","guid":{"rendered":"https:\/\/www.dekanter-wines.com\/shop\/?post_type=product&#038;p=735"},"modified":"2024-12-02T19:22:46","modified_gmt":"2024-12-02T19:22:46","slug":"vitovska-eco-cotar-0-75-l","status":"publish","type":"product","link":"https:\/\/www.dekanter-wines.com\/shop\/izdelek\/vitovska-eco-cotar-0-75-l\/","title":{"rendered":"Vitovska eco, \u010cotar (0.75 l)"},"content":{"rendered":"<section class=\"wpb-content-wrapper\"><p>[vc_row][vc_column][vc_column_text]Minister za zdravje opozarja: Prekomerno pitje alkohola \u0161koduje zdravju![\/vc_column_text][\/vc_column][\/vc_row]<\/p>\n<\/section>","protected":false},"excerpt":{"rendered":"<p>Suho vino. Barva je srednje globoka jantarna z zlatimi odtenki. Cvetica\u00a0je\u00a0srednje poudarjena, cvetna, medena, vabljiva, z nekaj so\u010dnimi odtenki zrelih marelic. V ustih je vino suho, rahlo trpkasto, z oljnato teksturo, vi\u0161jih kislin in la\u017ejega telesa, z nekaj balzami\u010dnimi notami. Dalj\u0161e, okusno. Lep primerek macerirane vitovske.<\/p>\n","protected":false},"featured_media":736,"template":"","meta":[],"product_cat":[16,22],"product_tag":[],"_links":{"self":[{"href":"https:\/\/www.dekanter-wines.com\/shop\/wp-json\/wp\/v2\/product\/735"}],"collection":[{"href":"https:\/\/www.dekanter-wines.com\/shop\/wp-json\/wp\/v2\/product"}],"about":[{"href":"https:\/\/www.dekanter-wines.com\/shop\/wp-json\/wp\/v2\/types\/product"}],"wp:featuredmedia":[{"embeddable":true,"href":"https:\/\/www.dekanter-wines.com\/shop\/wp-json\/wp\/v2\/media\/736"}],"wp:attachment":[{"href":"https:\/\/www.dekanter-wines.com\/shop\/wp-json\/wp\/v2\/media?parent=735"}],"wp:term":[{"taxonomy":"product_cat","embeddable":true,"href":"https:\/\/www.dekanter-wines.com\/shop\/wp-json\/wp\/v2\/product_cat?post=735"},{"taxonomy":"product_tag","embeddable":true,"href":"https:\/\/www.dekanter-wines.com\/shop\/wp-json\/wp\/v2\/product_tag?post=735"}],"curies":[{"name":"wp","href":"https:\/\/api.w.org\/{rel}","templated":true}]}}