{"id":731,"date":"2023-08-07T16:26:19","date_gmt":"2023-08-07T16:26:19","guid":{"rendered":"https:\/\/www.dekanter-wines.com\/shop\/?post_type=product&#038;p=731"},"modified":"2024-12-03T16:05:33","modified_gmt":"2024-12-03T16:05:33","slug":"retro-red-cuvee-guerila-0-75-l","status":"publish","type":"product","link":"https:\/\/www.dekanter-wines.com\/shop\/izdelek\/retro-red-cuvee-guerila-0-75-l\/","title":{"rendered":"Retro Red Cuvee, Guerila (0.75 l)"},"content":{"rendered":"<section class=\"wpb-content-wrapper\"><p>[vc_row][vc_column][vc_column_text]Minister za zdravje opozarja: Prekomerno pitje alkohola \u0161koduje zdravju![\/vc_column_text][\/vc_column][\/vc_row]<\/p>\n<\/section>","protected":false},"excerpt":{"rendered":"<p>Suho vino (Merlot, Cabernet F., Barbera). Globoke, neprosojne vijoli\u010dne barve. Cvetica je zmerno poudarjena, dokaj razko\u0161na, zreli temno rde\u010di sade\u017ei in \u010drni sade\u017ei so prepleteni z ne\u017enimi notami kave, zemlje, lesa. Tudi kak\u0161na animali\u010dna nota se najde. Res pestro! Suho v ustih, tekstura deluje gibko, tanini so zreli, vi\u0161ja alkoholna stopnja in krepkej\u0161e telo dajeta ob\u010dutek, da je vino cel malce sladko. Intenzivnega okusa. Pristop je retro, vino pa precej sodobno. Zelo v\u0161e\u010d mi je tekstura. Kisline so precej visoke. \u0160e zelo mlado, zelo dobro vino, ki potrebuje \u010das.<\/p>\n","protected":false},"featured_media":732,"template":"","meta":[],"product_cat":[16,24],"product_tag":[],"_links":{"self":[{"href":"https:\/\/www.dekanter-wines.com\/shop\/wp-json\/wp\/v2\/product\/731"}],"collection":[{"href":"https:\/\/www.dekanter-wines.com\/shop\/wp-json\/wp\/v2\/product"}],"about":[{"href":"https:\/\/www.dekanter-wines.com\/shop\/wp-json\/wp\/v2\/types\/product"}],"wp:featuredmedia":[{"embeddable":true,"href":"https:\/\/www.dekanter-wines.com\/shop\/wp-json\/wp\/v2\/media\/732"}],"wp:attachment":[{"href":"https:\/\/www.dekanter-wines.com\/shop\/wp-json\/wp\/v2\/media?parent=731"}],"wp:term":[{"taxonomy":"product_cat","embeddable":true,"href":"https:\/\/www.dekanter-wines.com\/shop\/wp-json\/wp\/v2\/product_cat?post=731"},{"taxonomy":"product_tag","embeddable":true,"href":"https:\/\/www.dekanter-wines.com\/shop\/wp-json\/wp\/v2\/product_tag?post=731"}],"curies":[{"name":"wp","href":"https:\/\/api.w.org\/{rel}","templated":true}]}}