{"id":724,"date":"2023-08-07T16:02:30","date_gmt":"2023-08-07T16:02:30","guid":{"rendered":"https:\/\/www.dekanter-wines.com\/shop\/?post_type=product&#038;p=724"},"modified":"2024-12-03T16:10:51","modified_gmt":"2024-12-03T16:10:51","slug":"refosk-ivan-bordon-0-75-l","status":"publish","type":"product","link":"https:\/\/www.dekanter-wines.com\/shop\/izdelek\/refosk-ivan-bordon-0-75-l\/","title":{"rendered":"Refo\u0161k Ivan, Bordon (0.75 l)"},"content":{"rendered":"<section class=\"wpb-content-wrapper\"><p>[vc_row][vc_column][vc_column_text]Minister za zdravje opozarja: Prekomerno pitje alkohola \u0161koduje zdravju![\/vc_column_text][\/vc_column][\/vc_row]<\/p>\n<\/section>","protected":false},"excerpt":{"rendered":"<p>Suho vino. Barva je globoka rubinasta. Cvetica je poudarjena, dozorela. Najdemo rozine, usnje, suhe slive, dim, slivovo marmelado in \u010dokolado, ki nam povedo, da je bilo grozdje ob trgatvi zelo zrelo, dolo\u010den del je bil verjetno posu\u0161en. \u010ceprav je vino suho, daje v ustih malce sladkast ob\u010dutek. Zrelo, krepko, vro\u010de, taninov je veliko, ekstrakcija je bila o\u010ditno obilna. Poln, krepak, sredozemski slog vina, ki igra na noto polne zrelosti in delne prezrelosti.<\/p>\n","protected":false},"featured_media":725,"template":"","meta":[],"product_cat":[16,24],"product_tag":[],"_links":{"self":[{"href":"https:\/\/www.dekanter-wines.com\/shop\/wp-json\/wp\/v2\/product\/724"}],"collection":[{"href":"https:\/\/www.dekanter-wines.com\/shop\/wp-json\/wp\/v2\/product"}],"about":[{"href":"https:\/\/www.dekanter-wines.com\/shop\/wp-json\/wp\/v2\/types\/product"}],"wp:featuredmedia":[{"embeddable":true,"href":"https:\/\/www.dekanter-wines.com\/shop\/wp-json\/wp\/v2\/media\/725"}],"wp:attachment":[{"href":"https:\/\/www.dekanter-wines.com\/shop\/wp-json\/wp\/v2\/media?parent=724"}],"wp:term":[{"taxonomy":"product_cat","embeddable":true,"href":"https:\/\/www.dekanter-wines.com\/shop\/wp-json\/wp\/v2\/product_cat?post=724"},{"taxonomy":"product_tag","embeddable":true,"href":"https:\/\/www.dekanter-wines.com\/shop\/wp-json\/wp\/v2\/product_tag?post=724"}],"curies":[{"name":"wp","href":"https:\/\/api.w.org\/{rel}","templated":true}]}}