{"id":700,"date":"2023-08-06T11:30:11","date_gmt":"2023-08-06T11:30:11","guid":{"rendered":"https:\/\/www.dekanter-wines.com\/shop\/?post_type=product&#038;p=700"},"modified":"2024-12-03T16:16:26","modified_gmt":"2024-12-03T16:16:26","slug":"cabernet-sauvignon-ussai-0-75-l","status":"publish","type":"product","link":"https:\/\/www.dekanter-wines.com\/shop\/izdelek\/cabernet-sauvignon-ussai-0-75-l\/","title":{"rendered":"Cabernet Sauvignon, Ussai (0.75 l)"},"content":{"rendered":"<section class=\"wpb-content-wrapper\"><p>[vc_row][vc_column][vc_column_text]Minister za zdravje opozarja: Prekomerno pitje alkohola \u0161koduje zdravju![\/vc_column_text][\/vc_column][\/vc_row]<\/p>\n<\/section>","protected":false},"excerpt":{"rendered":"<p>Suho vino. Vino je rubinastih, globokih rde\u010dih barv. Vonj je resen saden in strumen, prepoznaven za predstavnika svoje sorte. Vonjave \u010drnega ribeza, vi\u0161nje v kombinaciji z ne\u017eno cedrovino so lepe. Po okusu je krepko suho, blagih kislin in bogate strukture, v kateri se razodevajo mineralne arome. S primerno koli\u010dino so prisotni zreli tanini, pookus je dolg in saden.<\/p>\n","protected":false},"featured_media":701,"template":"","meta":[],"product_cat":[16,24],"product_tag":[],"_links":{"self":[{"href":"https:\/\/www.dekanter-wines.com\/shop\/wp-json\/wp\/v2\/product\/700"}],"collection":[{"href":"https:\/\/www.dekanter-wines.com\/shop\/wp-json\/wp\/v2\/product"}],"about":[{"href":"https:\/\/www.dekanter-wines.com\/shop\/wp-json\/wp\/v2\/types\/product"}],"wp:featuredmedia":[{"embeddable":true,"href":"https:\/\/www.dekanter-wines.com\/shop\/wp-json\/wp\/v2\/media\/701"}],"wp:attachment":[{"href":"https:\/\/www.dekanter-wines.com\/shop\/wp-json\/wp\/v2\/media?parent=700"}],"wp:term":[{"taxonomy":"product_cat","embeddable":true,"href":"https:\/\/www.dekanter-wines.com\/shop\/wp-json\/wp\/v2\/product_cat?post=700"},{"taxonomy":"product_tag","embeddable":true,"href":"https:\/\/www.dekanter-wines.com\/shop\/wp-json\/wp\/v2\/product_tag?post=700"}],"curies":[{"name":"wp","href":"https:\/\/api.w.org\/{rel}","templated":true}]}}