{"id":680,"date":"2023-08-06T10:28:55","date_gmt":"2023-08-06T10:28:55","guid":{"rendered":"https:\/\/www.dekanter-wines.com\/shop\/?post_type=product&#038;p=680"},"modified":"2024-12-03T16:29:20","modified_gmt":"2024-12-03T16:29:20","slug":"chardonnay-ussai-0-75-l","status":"publish","type":"product","link":"https:\/\/www.dekanter-wines.com\/shop\/izdelek\/chardonnay-ussai-0-75-l\/","title":{"rendered":"Chardonnay, Ussai (0.75 l)"},"content":{"rendered":"<section class=\"wpb-content-wrapper\"><p>[vc_row][vc_column][vc_column_text]Minister za zdravje opozarja: Prekomerno pitje alkohola \u0161koduje zdravju![\/vc_column_text][\/vc_column][\/vc_row]<\/p>\n<\/section>","protected":false},"excerpt":{"rendered":"<p>Suho vino. Vino je srednje globoke zlatorumene barve. Cvetica je srednje poudarjena, zrela in\u00a0pestra. Di\u0161i po maslu, kvasu, zaznati je kan\u010dek zrelih rumenih sade\u017eev. Suho vino\u00a0visokih kislin in\u00a0srednjega telesa. Prav lep primerek chardonnayja iz jeklene cisterne, ki je dale\u010d od tega, da bi bil dolog\u010dasen. Okusen in\u00a0dolg.<\/p>\n","protected":false},"featured_media":681,"template":"","meta":[],"product_cat":[16,23],"product_tag":[],"_links":{"self":[{"href":"https:\/\/www.dekanter-wines.com\/shop\/wp-json\/wp\/v2\/product\/680"}],"collection":[{"href":"https:\/\/www.dekanter-wines.com\/shop\/wp-json\/wp\/v2\/product"}],"about":[{"href":"https:\/\/www.dekanter-wines.com\/shop\/wp-json\/wp\/v2\/types\/product"}],"wp:featuredmedia":[{"embeddable":true,"href":"https:\/\/www.dekanter-wines.com\/shop\/wp-json\/wp\/v2\/media\/681"}],"wp:attachment":[{"href":"https:\/\/www.dekanter-wines.com\/shop\/wp-json\/wp\/v2\/media?parent=680"}],"wp:term":[{"taxonomy":"product_cat","embeddable":true,"href":"https:\/\/www.dekanter-wines.com\/shop\/wp-json\/wp\/v2\/product_cat?post=680"},{"taxonomy":"product_tag","embeddable":true,"href":"https:\/\/www.dekanter-wines.com\/shop\/wp-json\/wp\/v2\/product_tag?post=680"}],"curies":[{"name":"wp","href":"https:\/\/api.w.org\/{rel}","templated":true}]}}