{"id":670,"date":"2023-08-06T09:03:33","date_gmt":"2023-08-06T09:03:33","guid":{"rendered":"https:\/\/www.dekanter-wines.com\/shop\/?post_type=product&#038;p=670"},"modified":"2024-12-03T16:35:08","modified_gmt":"2024-12-03T16:35:08","slug":"malvazija-sveza-linija-steras-0-75-l","status":"publish","type":"product","link":"https:\/\/www.dekanter-wines.com\/shop\/izdelek\/malvazija-sveza-linija-steras-0-75-l\/","title":{"rendered":"Malvazija sve\u017ea linija, Steras (0.75 l)"},"content":{"rendered":"<section class=\"wpb-content-wrapper\"><p>[vc_row][vc_column][vc_column_text]Minister za zdravje opozarja: Prekomerno pitje alkohola \u0161koduje zdravju![\/vc_column_text][\/vc_column][\/vc_row]<\/p>\n<\/section>","protected":false},"excerpt":{"rendered":"<p>Suho vino. Barva je slamnato rumena z ne\u017enimi, zelenkastimi odtenki. Na vonju je odprta in srednje intenzivna. Prisotna je paleta prepletajo\u010dih se sadno cvetnih zaznav, prevladuje akacija, sledi nekaj brnistre. Med sadnimi aromami sta v ospredju \u0161opek tropskega sadja in jabolko. V ustih deluje mehko, sve\u017eina je diskretna. Vinu daje \u017eivahnost rahla zaznava ogljikovega dioksida, ki je ostanek fermentacije. Okus je poln in dolg.<\/p>\n","protected":false},"featured_media":671,"template":"","meta":[],"product_cat":[16,23],"product_tag":[],"_links":{"self":[{"href":"https:\/\/www.dekanter-wines.com\/shop\/wp-json\/wp\/v2\/product\/670"}],"collection":[{"href":"https:\/\/www.dekanter-wines.com\/shop\/wp-json\/wp\/v2\/product"}],"about":[{"href":"https:\/\/www.dekanter-wines.com\/shop\/wp-json\/wp\/v2\/types\/product"}],"wp:featuredmedia":[{"embeddable":true,"href":"https:\/\/www.dekanter-wines.com\/shop\/wp-json\/wp\/v2\/media\/671"}],"wp:attachment":[{"href":"https:\/\/www.dekanter-wines.com\/shop\/wp-json\/wp\/v2\/media?parent=670"}],"wp:term":[{"taxonomy":"product_cat","embeddable":true,"href":"https:\/\/www.dekanter-wines.com\/shop\/wp-json\/wp\/v2\/product_cat?post=670"},{"taxonomy":"product_tag","embeddable":true,"href":"https:\/\/www.dekanter-wines.com\/shop\/wp-json\/wp\/v2\/product_tag?post=670"}],"curies":[{"name":"wp","href":"https:\/\/api.w.org\/{rel}","templated":true}]}}