{"id":659,"date":"2023-08-05T17:52:15","date_gmt":"2023-08-05T17:52:15","guid":{"rendered":"https:\/\/www.dekanter-wines.com\/shop\/?post_type=product&#038;p=659"},"modified":"2024-12-03T16:39:05","modified_gmt":"2024-12-03T16:39:05","slug":"pet-nat-steras-0-75-l","status":"publish","type":"product","link":"https:\/\/www.dekanter-wines.com\/shop\/izdelek\/pet-nat-steras-0-75-l\/","title":{"rendered":"Pet-nat, Steras (0.75 l)"},"content":{"rendered":"<section class=\"wpb-content-wrapper\"><p>[vc_row][vc_column][vc_column_text]Minister za zdravje opozarja: Prekomerno pitje alkohola \u0161koduje zdravju![\/vc_column_text][\/vc_column][\/vc_row]<\/p>\n<\/section>","protected":false},"excerpt":{"rendered":"<p>Suho vino. Pet-Nat je okraj\u0161ava za francoski izraz petillant-naturelle, metoda pridelave se imenuje tudi \u00bbmethode ancestrale\u00ab. To je naravno pene\u010de vino, ki ga napolnimo v steklenice, \u0161e preden se kon\u010da prvo vrenje in tako omogo\u010dimo tvorjenje mehur\u010dkov iz naravnih sladkorjev, ki so prisotni v grozdju. \u017dvepla ne dodajamo in vina ne filtriramo. Usedlina, ki ostane v steklenici, vinu zagotavlja obstojnost. Ta starodavna metoda je po eni strani zelo enostavna, po drugi strani pa zaradi nepredvidljivosti kon\u010dnega rezultata tudi ena od najte\u017ejih. Rezultat je rustikalno in hkrati ne\u017eno, iskrivo in zelo sadno pene\u010de vino, ki je izjemen odraz svojega terroirja<\/p>\n","protected":false},"featured_media":660,"template":"","meta":[],"product_cat":[16,23,20],"product_tag":[],"_links":{"self":[{"href":"https:\/\/www.dekanter-wines.com\/shop\/wp-json\/wp\/v2\/product\/659"}],"collection":[{"href":"https:\/\/www.dekanter-wines.com\/shop\/wp-json\/wp\/v2\/product"}],"about":[{"href":"https:\/\/www.dekanter-wines.com\/shop\/wp-json\/wp\/v2\/types\/product"}],"wp:featuredmedia":[{"embeddable":true,"href":"https:\/\/www.dekanter-wines.com\/shop\/wp-json\/wp\/v2\/media\/660"}],"wp:attachment":[{"href":"https:\/\/www.dekanter-wines.com\/shop\/wp-json\/wp\/v2\/media?parent=659"}],"wp:term":[{"taxonomy":"product_cat","embeddable":true,"href":"https:\/\/www.dekanter-wines.com\/shop\/wp-json\/wp\/v2\/product_cat?post=659"},{"taxonomy":"product_tag","embeddable":true,"href":"https:\/\/www.dekanter-wines.com\/shop\/wp-json\/wp\/v2\/product_tag?post=659"}],"curies":[{"name":"wp","href":"https:\/\/api.w.org\/{rel}","templated":true}]}}