{"id":656,"date":"2023-08-05T17:41:07","date_gmt":"2023-08-05T17:41:07","guid":{"rendered":"https:\/\/www.dekanter-wines.com\/shop\/?post_type=product&#038;p=656"},"modified":"2024-12-03T16:42:09","modified_gmt":"2024-12-03T16:42:09","slug":"refosk-zrela-linija-steras-0-75-l","status":"publish","type":"product","link":"https:\/\/www.dekanter-wines.com\/shop\/izdelek\/refosk-zrela-linija-steras-0-75-l\/","title":{"rendered":"Refo\u0161k zrela linija, Steras (0.75 l)"},"content":{"rendered":"<section class=\"wpb-content-wrapper\"><p>[vc_row][vc_column][vc_column_text]Minister za zdravje opozarja: Prekomerno pitje alkohola \u0161koduje zdravju![\/vc_column_text][\/vc_column][\/vc_row]<\/p>\n<\/section>","protected":false},"excerpt":{"rendered":"<p>Suho vino. Zna\u010dilen rubin z vijoli\u010dnimi odtenki nakazuje, da je \u0161e mlad. Kljub temu, da ima za sabo leto dni zorenja v lesenih sodih. Na vonju je saden, prednja\u010di zrela sliva, sledi malina in nekaj popra. A \u0161e kaj se najde. V ustih je zna\u010dilen, dovolj robat refo\u0161k, ki ne skriva svojega porekla. Zanimiva je igra taninov, ki so mehki in lepo ule\u017eani ter kisline, ki je razigrana in mladostna. Oboje daje slutiti, da bo razvoj tega vina \u0161e dolg in zanimiv. V pookusu nam kislina prijtno razigra brbon\u010dice in podalj\u0161a zaznave sadnosti, ki nam jih ponudi na za\u010detku.<\/p>\n","protected":false},"featured_media":657,"template":"","meta":[],"product_cat":[16,24],"product_tag":[],"_links":{"self":[{"href":"https:\/\/www.dekanter-wines.com\/shop\/wp-json\/wp\/v2\/product\/656"}],"collection":[{"href":"https:\/\/www.dekanter-wines.com\/shop\/wp-json\/wp\/v2\/product"}],"about":[{"href":"https:\/\/www.dekanter-wines.com\/shop\/wp-json\/wp\/v2\/types\/product"}],"wp:featuredmedia":[{"embeddable":true,"href":"https:\/\/www.dekanter-wines.com\/shop\/wp-json\/wp\/v2\/media\/657"}],"wp:attachment":[{"href":"https:\/\/www.dekanter-wines.com\/shop\/wp-json\/wp\/v2\/media?parent=656"}],"wp:term":[{"taxonomy":"product_cat","embeddable":true,"href":"https:\/\/www.dekanter-wines.com\/shop\/wp-json\/wp\/v2\/product_cat?post=656"},{"taxonomy":"product_tag","embeddable":true,"href":"https:\/\/www.dekanter-wines.com\/shop\/wp-json\/wp\/v2\/product_tag?post=656"}],"curies":[{"name":"wp","href":"https:\/\/api.w.org\/{rel}","templated":true}]}}