{"id":646,"date":"2023-08-05T17:19:32","date_gmt":"2023-08-05T17:19:32","guid":{"rendered":"https:\/\/www.dekanter-wines.com\/shop\/?post_type=product&#038;p=646"},"modified":"2024-12-03T16:45:12","modified_gmt":"2024-12-03T16:45:12","slug":"epulon-zrela-linija-steras-0-75-l","status":"publish","type":"product","link":"https:\/\/www.dekanter-wines.com\/shop\/izdelek\/epulon-zrela-linija-steras-0-75-l\/","title":{"rendered":"Epulon zrela linija, cuvee,  Steras (0.75 l)"},"content":{"rendered":"<section class=\"wpb-content-wrapper\"><p>[vc_row][vc_column][vc_column_text]Minister za zdravje opozarja: Prekomerno pitje alkohola \u0161koduje zdravju![\/vc_column_text][\/vc_column][\/vc_row]<\/p>\n<\/section>","protected":false},"excerpt":{"rendered":"<p>Suho vino. Zvrst starih istrskih sort (30% Cipro, 30% Pristavski Refo\u0161k, 20% Malo\u010drn, 20% Rde\u010da Borgonja, Bontempa, Istrski Refo\u0161k)\u00a0 Vino je v kozarcu neprosojno, kar intenzivne rubinaste barve z vijoli\u010dnimi odsevi. Cvetica je intenzivna in \u0161iroka, obeta so\u010dnost. V ospredju je zrelo \u010drno in rde\u010de sadje, borovnica, malina, maraska, vzdu\u0161je intenzivne sadnosti zaokro\u017eijo arome sadnega bonbona. V globljih registrih vonjav je nezgre\u0161ljiv vonj po vrtnicah, ki se kasneje prerine naprej, pa tudi nekoliko pikantnosti papri\u010dic. V ustih se zrelost ponovi, vino je sadno in gosto, ekstraktno, aromati\u010dnost je bogata, v odhod ga pospremi prijetna sve\u017eina, ki se pove\u017ee s sadnostjo in povsem na koncu s kar zaznavno tani\u010dnostjo. Karakterno, prijetno in pitno vino s \u010dvrsto hrbtenico in z zelo samosvojim aromatskim profilom. Deluje \u0161e mladostno, skozi \u010das bo gotovo pokazalo \u0161e kak atribut. Kdor i\u0161\u010de posebnosti, se mu ne sme izogniti.<\/p>\n","protected":false},"featured_media":647,"template":"","meta":[],"product_cat":[16,24],"product_tag":[],"_links":{"self":[{"href":"https:\/\/www.dekanter-wines.com\/shop\/wp-json\/wp\/v2\/product\/646"}],"collection":[{"href":"https:\/\/www.dekanter-wines.com\/shop\/wp-json\/wp\/v2\/product"}],"about":[{"href":"https:\/\/www.dekanter-wines.com\/shop\/wp-json\/wp\/v2\/types\/product"}],"wp:featuredmedia":[{"embeddable":true,"href":"https:\/\/www.dekanter-wines.com\/shop\/wp-json\/wp\/v2\/media\/647"}],"wp:attachment":[{"href":"https:\/\/www.dekanter-wines.com\/shop\/wp-json\/wp\/v2\/media?parent=646"}],"wp:term":[{"taxonomy":"product_cat","embeddable":true,"href":"https:\/\/www.dekanter-wines.com\/shop\/wp-json\/wp\/v2\/product_cat?post=646"},{"taxonomy":"product_tag","embeddable":true,"href":"https:\/\/www.dekanter-wines.com\/shop\/wp-json\/wp\/v2\/product_tag?post=646"}],"curies":[{"name":"wp","href":"https:\/\/api.w.org\/{rel}","templated":true}]}}