{"id":642,"date":"2023-08-05T17:11:04","date_gmt":"2023-08-05T17:11:04","guid":{"rendered":"https:\/\/www.dekanter-wines.com\/shop\/?post_type=product&#038;p=642"},"modified":"2024-12-03T16:47:00","modified_gmt":"2024-12-03T16:47:00","slug":"zlati-cvet-steras-0-75-l","status":"publish","type":"product","link":"https:\/\/www.dekanter-wines.com\/shop\/izdelek\/zlati-cvet-steras-0-75-l\/","title":{"rendered":"Zlati cvet, Steras (0.75 l)"},"content":{"rendered":"<section class=\"wpb-content-wrapper\"><p>[vc_row][vc_column][vc_column_text]Minister za zdravje opozarja: Prekomerno pitje alkohola \u0161koduje zdravju![\/vc_column_text][\/vc_column][\/vc_row]<\/p>\n<\/section>","protected":false},"excerpt":{"rendered":"<p>Suho vino. Zvrst (Dolski mu\u0161kat, Istrska belina, Beli refo\u0161k, Izolanka, Bela borgonja, Malvazija, Pinjola, Kanarjola\u2026. ). Slamnato rumena z zelenkastimi niansami na robovih. Sledi cvetna zaznava lipe ter sadne zaznave hru\u0161ke, jabolka in breskve. V ustih je vino suho vendar mehko, lahkotno in daje prijeten ob\u010dutek sve\u017eine. Pookus je srednje dolg.<\/p>\n","protected":false},"featured_media":643,"template":"","meta":[],"product_cat":[16,23],"product_tag":[],"_links":{"self":[{"href":"https:\/\/www.dekanter-wines.com\/shop\/wp-json\/wp\/v2\/product\/642"}],"collection":[{"href":"https:\/\/www.dekanter-wines.com\/shop\/wp-json\/wp\/v2\/product"}],"about":[{"href":"https:\/\/www.dekanter-wines.com\/shop\/wp-json\/wp\/v2\/types\/product"}],"wp:featuredmedia":[{"embeddable":true,"href":"https:\/\/www.dekanter-wines.com\/shop\/wp-json\/wp\/v2\/media\/643"}],"wp:attachment":[{"href":"https:\/\/www.dekanter-wines.com\/shop\/wp-json\/wp\/v2\/media?parent=642"}],"wp:term":[{"taxonomy":"product_cat","embeddable":true,"href":"https:\/\/www.dekanter-wines.com\/shop\/wp-json\/wp\/v2\/product_cat?post=642"},{"taxonomy":"product_tag","embeddable":true,"href":"https:\/\/www.dekanter-wines.com\/shop\/wp-json\/wp\/v2\/product_tag?post=642"}],"curies":[{"name":"wp","href":"https:\/\/api.w.org\/{rel}","templated":true}]}}