{"id":639,"date":"2023-08-05T17:04:28","date_gmt":"2023-08-05T17:04:28","guid":{"rendered":"https:\/\/www.dekanter-wines.com\/shop\/?post_type=product&#038;p=639"},"modified":"2024-12-03T16:49:00","modified_gmt":"2024-12-03T16:49:00","slug":"refosk-sveza-linija-steras-0-75-l","status":"publish","type":"product","link":"https:\/\/www.dekanter-wines.com\/shop\/izdelek\/refosk-sveza-linija-steras-0-75-l\/","title":{"rendered":"Refo\u0161k sve\u017ea linija, Steras (0.75 l)"},"content":{"rendered":"<section class=\"wpb-content-wrapper\"><p>[vc_row][vc_column][vc_column_text]Minister za zdravje opozarja: Prekomerno pitje alkohola \u0161koduje zdravju![\/vc_column_text][\/vc_column][\/vc_row]<\/p>\n<\/section>","protected":false},"excerpt":{"rendered":"<p>Suho vino. \u017de prvi vtis daje vedeti, da imamo opravka s kraljem temnih. Odlikuje ga globoka in izjemno intenzivna rubinasto rde\u010da barva. Na vonju je zrel, prednja\u010di \u010drno jagodi\u010devje z robidnico v ospredju, zaznati je nekaj maline in \u010drnega popra. Za\u010detni stik v ustih je mehak, skoraj sladkast, kljub temu, da se okus nadaljuje s krepkimi tanini, se vtis mehkobe nadaljuje in podalj\u0161a v pookus, ki je intenziven in bogat.<\/p>\n","protected":false},"featured_media":640,"template":"","meta":[],"product_cat":[16,24,15],"product_tag":[],"_links":{"self":[{"href":"https:\/\/www.dekanter-wines.com\/shop\/wp-json\/wp\/v2\/product\/639"}],"collection":[{"href":"https:\/\/www.dekanter-wines.com\/shop\/wp-json\/wp\/v2\/product"}],"about":[{"href":"https:\/\/www.dekanter-wines.com\/shop\/wp-json\/wp\/v2\/types\/product"}],"wp:featuredmedia":[{"embeddable":true,"href":"https:\/\/www.dekanter-wines.com\/shop\/wp-json\/wp\/v2\/media\/640"}],"wp:attachment":[{"href":"https:\/\/www.dekanter-wines.com\/shop\/wp-json\/wp\/v2\/media?parent=639"}],"wp:term":[{"taxonomy":"product_cat","embeddable":true,"href":"https:\/\/www.dekanter-wines.com\/shop\/wp-json\/wp\/v2\/product_cat?post=639"},{"taxonomy":"product_tag","embeddable":true,"href":"https:\/\/www.dekanter-wines.com\/shop\/wp-json\/wp\/v2\/product_tag?post=639"}],"curies":[{"name":"wp","href":"https:\/\/api.w.org\/{rel}","templated":true}]}}