{"id":630,"date":"2023-08-05T16:34:14","date_gmt":"2023-08-05T16:34:14","guid":{"rendered":"https:\/\/www.dekanter-wines.com\/shop\/?post_type=product&#038;p=630"},"modified":"2024-12-03T16:54:26","modified_gmt":"2024-12-03T16:54:26","slug":"malvazija-orange-eko-reya-0-75-l","status":"publish","type":"product","link":"https:\/\/www.dekanter-wines.com\/shop\/izdelek\/malvazija-orange-eko-reya-0-75-l\/","title":{"rendered":"Malvazija orange eko, Reya (0.75 l)"},"content":{"rendered":"<section class=\"wpb-content-wrapper\"><p>[vc_row][vc_column][vc_column_text]Minister za zdravje opozarja: Prekomerno pitje alkohola \u0161koduje zdravju![\/vc_column_text][\/vc_column][\/vc_row]<\/p>\n<\/section>","protected":false},"excerpt":{"rendered":"<p>Suho vino. Gosto, kristalno zlato rumeno vino. Intenzivne arome zrelega tropskega sadja, karambole, kivija, manga, kosmulje, mu\u0161mule s kan\u010dki rumenih vrtnic in cvetov akacije, mandljev, timijana in rahlo karamelno noto, zapleteno z maslom in vanilijo. Suha in mehka, precej topla, sve\u017ea s poudarjenim mineralnim podpisom in rahlo trpe\u017enim zaklju\u010dkom. Vino polnega okusa z intenzivnim, trajnim in elegantnim okusom.<\/p>\n","protected":false},"featured_media":631,"template":"","meta":[],"product_cat":[16,22],"product_tag":[],"_links":{"self":[{"href":"https:\/\/www.dekanter-wines.com\/shop\/wp-json\/wp\/v2\/product\/630"}],"collection":[{"href":"https:\/\/www.dekanter-wines.com\/shop\/wp-json\/wp\/v2\/product"}],"about":[{"href":"https:\/\/www.dekanter-wines.com\/shop\/wp-json\/wp\/v2\/types\/product"}],"wp:featuredmedia":[{"embeddable":true,"href":"https:\/\/www.dekanter-wines.com\/shop\/wp-json\/wp\/v2\/media\/631"}],"wp:attachment":[{"href":"https:\/\/www.dekanter-wines.com\/shop\/wp-json\/wp\/v2\/media?parent=630"}],"wp:term":[{"taxonomy":"product_cat","embeddable":true,"href":"https:\/\/www.dekanter-wines.com\/shop\/wp-json\/wp\/v2\/product_cat?post=630"},{"taxonomy":"product_tag","embeddable":true,"href":"https:\/\/www.dekanter-wines.com\/shop\/wp-json\/wp\/v2\/product_tag?post=630"}],"curies":[{"name":"wp","href":"https:\/\/api.w.org\/{rel}","templated":true}]}}