{"id":627,"date":"2023-08-05T16:19:58","date_gmt":"2023-08-05T16:19:58","guid":{"rendered":"https:\/\/www.dekanter-wines.com\/shop\/?post_type=product&#038;p=627"},"modified":"2024-12-03T16:55:47","modified_gmt":"2024-12-03T16:55:47","slug":"rebula-orange-eko-reya-0-75-l","status":"publish","type":"product","link":"https:\/\/www.dekanter-wines.com\/shop\/izdelek\/rebula-orange-eko-reya-0-75-l\/","title":{"rendered":"Rebula orange EKO, Reya (0.75 l)"},"content":{"rendered":"<section class=\"wpb-content-wrapper\"><p>[vc_row][vc_column][vc_column_text]Minister za zdravje opozarja: Prekomerno pitje alkohola \u0161koduje zdravju![\/vc_column_text][\/vc_column][\/vc_row]<\/p>\n<\/section>","protected":false},"excerpt":{"rendered":"<p>Suho vino. Kristalin, zlato rumene barve s srednjo gostoto. Za\u010detek je ne\u017een, prikazuje arome posu\u0161enih rezin jabolk in ananasa, zrelih breskev, limonine lupine. Njegova mineralna nota je izrazita, sledijo ji arome sena, pra\u017eenih le\u0161nikov, vanilije, masla in posu\u0161enih sredozemskih zeli\u0161\u010d. Vino je suho s poudarjeno mehkobo, precej toplo, na drugi strani sve\u017ee in okusno, skoraj slano, z rahlo pikantnim zaklju\u010dkom. Elegantno vino z intenzivnim okusom srednjega telesa in trajnim pookusom.<\/p>\n","protected":false},"featured_media":628,"template":"","meta":[],"product_cat":[16,22],"product_tag":[],"_links":{"self":[{"href":"https:\/\/www.dekanter-wines.com\/shop\/wp-json\/wp\/v2\/product\/627"}],"collection":[{"href":"https:\/\/www.dekanter-wines.com\/shop\/wp-json\/wp\/v2\/product"}],"about":[{"href":"https:\/\/www.dekanter-wines.com\/shop\/wp-json\/wp\/v2\/types\/product"}],"wp:featuredmedia":[{"embeddable":true,"href":"https:\/\/www.dekanter-wines.com\/shop\/wp-json\/wp\/v2\/media\/628"}],"wp:attachment":[{"href":"https:\/\/www.dekanter-wines.com\/shop\/wp-json\/wp\/v2\/media?parent=627"}],"wp:term":[{"taxonomy":"product_cat","embeddable":true,"href":"https:\/\/www.dekanter-wines.com\/shop\/wp-json\/wp\/v2\/product_cat?post=627"},{"taxonomy":"product_tag","embeddable":true,"href":"https:\/\/www.dekanter-wines.com\/shop\/wp-json\/wp\/v2\/product_tag?post=627"}],"curies":[{"name":"wp","href":"https:\/\/api.w.org\/{rel}","templated":true}]}}