{"id":377,"date":"2023-07-06T10:20:55","date_gmt":"2023-07-06T10:20:55","guid":{"rendered":"https:\/\/www.dekanter-wines.com\/shop\/?post_type=product&#038;p=377"},"modified":"2024-12-03T16:59:28","modified_gmt":"2024-12-03T16:59:28","slug":"merlot-ussai-0-75l","status":"publish","type":"product","link":"https:\/\/www.dekanter-wines.com\/shop\/izdelek\/merlot-ussai-0-75l\/","title":{"rendered":"Merlot, Ussai 0.75l"},"content":{"rendered":"<section class=\"wpb-content-wrapper\"><p>[vc_row][vc_column][vc_column_text]Minister za zdravje opozarja: Prekomerno pitje alkohola \u0161koduje zdravju![\/vc_column_text][\/vc_column][\/vc_row]<\/p>\n<\/section>","protected":false},"excerpt":{"rendered":"<p>Suho vino. Vino je srednje intenzivne, zna\u010dilno bordojsko rde\u010de, \u0161e vedno mladostne barve. Vonj traja in traja, proti koncu dobiva razko\u0161je sadnega kompota, marmelad. Omamna cvetica nas zapelje v svet \u010drnega ribeza, robidnic, borovnic, sliv, \u010drnih \u010de\u0161enj in vijolic, ki se jim pridru\u017eijo tople za\u010dimbne note cimeta, vanilje in klin\u010dkov. Kapljice se po\u010dasi spu\u0161\u010dajo po steni kozarca in obljubljajo razko\u0161no telo. V ustih je elegantno prijetne topline in harmoni\u010dne strukture, ki ima ravno prav\u0161nji odmerek alkohola, kislin in taninov. Sadne zaznave so prevladujo\u010de, vendar jim mineralno zaledje daje pe\u010dat \u00bbresnega\u00ab vina. Odhajanje iz ust je po\u010dasno in polno ugodja.<\/p>\n","protected":false},"featured_media":378,"template":"","meta":[],"product_cat":[16,24],"product_tag":[301,143,142,146,303],"_links":{"self":[{"href":"https:\/\/www.dekanter-wines.com\/shop\/wp-json\/wp\/v2\/product\/377"}],"collection":[{"href":"https:\/\/www.dekanter-wines.com\/shop\/wp-json\/wp\/v2\/product"}],"about":[{"href":"https:\/\/www.dekanter-wines.com\/shop\/wp-json\/wp\/v2\/types\/product"}],"wp:featuredmedia":[{"embeddable":true,"href":"https:\/\/www.dekanter-wines.com\/shop\/wp-json\/wp\/v2\/media\/378"}],"wp:attachment":[{"href":"https:\/\/www.dekanter-wines.com\/shop\/wp-json\/wp\/v2\/media?parent=377"}],"wp:term":[{"taxonomy":"product_cat","embeddable":true,"href":"https:\/\/www.dekanter-wines.com\/shop\/wp-json\/wp\/v2\/product_cat?post=377"},{"taxonomy":"product_tag","embeddable":true,"href":"https:\/\/www.dekanter-wines.com\/shop\/wp-json\/wp\/v2\/product_tag?post=377"}],"curies":[{"name":"wp","href":"https:\/\/api.w.org\/{rel}","templated":true}]}}