{"id":374,"date":"2023-07-06T10:11:52","date_gmt":"2023-07-06T10:11:52","guid":{"rendered":"https:\/\/www.dekanter-wines.com\/shop\/?post_type=product&#038;p=374"},"modified":"2024-12-03T17:03:04","modified_gmt":"2024-12-03T17:03:04","slug":"tressa-rdeca-sveti-martin-0-75l","status":"publish","type":"product","link":"https:\/\/www.dekanter-wines.com\/shop\/izdelek\/tressa-rdeca-sveti-martin-0-75l\/","title":{"rendered":"Tressa Rde\u010da, cuvee ( barbera, merlot ), dry; Sveti Martin 0.75l"},"content":{"rendered":"<section class=\"wpb-content-wrapper\"><p>[vc_row][vc_column][vc_column_text]Minister za zdravje opozarja: Prekomerno pitje alkohola \u0161koduje zdravju![\/vc_column_text][\/vc_column][\/vc_row]<\/p>\n<\/section>","protected":false},"excerpt":{"rendered":"<p>Suho vino. Zvrst barbera in merlot. Barva je srednje poudarjena vijoli\u010dna. Cvetica je srednje poudarjena, di\u0161i po zrelih \u010drnih sade\u017eih, silirani travi, \u010drnih \u010de\u0161njah, dimu, vanilji, vabljivo. V ustih deluje vino rahlo sladkasto, \u010deprav je suho. Krepkej\u0161e, dokaj tani\u010dno, v ustih najdemo tudi nekaj rozin in suhih hru\u0161k.<\/p>\n","protected":false},"featured_media":375,"template":"","meta":[],"product_cat":[16,24],"product_tag":[142,146,181,302],"_links":{"self":[{"href":"https:\/\/www.dekanter-wines.com\/shop\/wp-json\/wp\/v2\/product\/374"}],"collection":[{"href":"https:\/\/www.dekanter-wines.com\/shop\/wp-json\/wp\/v2\/product"}],"about":[{"href":"https:\/\/www.dekanter-wines.com\/shop\/wp-json\/wp\/v2\/types\/product"}],"wp:featuredmedia":[{"embeddable":true,"href":"https:\/\/www.dekanter-wines.com\/shop\/wp-json\/wp\/v2\/media\/375"}],"wp:attachment":[{"href":"https:\/\/www.dekanter-wines.com\/shop\/wp-json\/wp\/v2\/media?parent=374"}],"wp:term":[{"taxonomy":"product_cat","embeddable":true,"href":"https:\/\/www.dekanter-wines.com\/shop\/wp-json\/wp\/v2\/product_cat?post=374"},{"taxonomy":"product_tag","embeddable":true,"href":"https:\/\/www.dekanter-wines.com\/shop\/wp-json\/wp\/v2\/product_tag?post=374"}],"curies":[{"name":"wp","href":"https:\/\/api.w.org\/{rel}","templated":true}]}}