{"id":368,"date":"2023-07-06T09:57:19","date_gmt":"2023-07-06T09:57:19","guid":{"rendered":"https:\/\/www.dekanter-wines.com\/shop\/?post_type=product&#038;p=368"},"modified":"2024-12-03T17:06:01","modified_gmt":"2024-12-03T17:06:01","slug":"barbera-sveti-martin-0-75l","status":"publish","type":"product","link":"https:\/\/www.dekanter-wines.com\/shop\/izdelek\/barbera-sveti-martin-0-75l\/","title":{"rendered":"Barbera, Sveti Martin 0.75l"},"content":{"rendered":"<section class=\"wpb-content-wrapper\"><p>[vc_row][vc_column][vc_column_text]Minister za zdravje opozarja: Prekomerno pitje alkohola \u0161koduje zdravju![\/vc_column_text][\/vc_column][\/vc_row]<\/p>\n<\/section>","protected":false},"excerpt":{"rendered":"<p>Barva je globlja rubinasta z vijoli\u010dnimi odtenki. Cvetica je srednje poudarjena, cvetli\u010dna, elegantna, di\u0161i po zrelem, rde\u010dem sadju in vaniliji. V ustih je vino suho, z \u017eametno teksturo, ukro\u010denimi kislinami, kar pri barberi ni prav preprosto. Ni prav veliko vino, a kompletno in zaokro\u017eeno. Lepa barbera.<\/p>\n","protected":false},"featured_media":369,"template":"","meta":[],"product_cat":[16,24],"product_tag":[299,142,146,300],"_links":{"self":[{"href":"https:\/\/www.dekanter-wines.com\/shop\/wp-json\/wp\/v2\/product\/368"}],"collection":[{"href":"https:\/\/www.dekanter-wines.com\/shop\/wp-json\/wp\/v2\/product"}],"about":[{"href":"https:\/\/www.dekanter-wines.com\/shop\/wp-json\/wp\/v2\/types\/product"}],"wp:featuredmedia":[{"embeddable":true,"href":"https:\/\/www.dekanter-wines.com\/shop\/wp-json\/wp\/v2\/media\/369"}],"wp:attachment":[{"href":"https:\/\/www.dekanter-wines.com\/shop\/wp-json\/wp\/v2\/media?parent=368"}],"wp:term":[{"taxonomy":"product_cat","embeddable":true,"href":"https:\/\/www.dekanter-wines.com\/shop\/wp-json\/wp\/v2\/product_cat?post=368"},{"taxonomy":"product_tag","embeddable":true,"href":"https:\/\/www.dekanter-wines.com\/shop\/wp-json\/wp\/v2\/product_tag?post=368"}],"curies":[{"name":"wp","href":"https:\/\/api.w.org\/{rel}","templated":true}]}}