{"id":362,"date":"2023-07-06T08:41:46","date_gmt":"2023-07-06T08:41:46","guid":{"rendered":"https:\/\/www.dekanter-wines.com\/shop\/?post_type=product&#038;p=362"},"modified":"2024-12-03T17:09:44","modified_gmt":"2024-12-03T17:09:44","slug":"rebula-sveti-martin-0-75l","status":"publish","type":"product","link":"https:\/\/www.dekanter-wines.com\/shop\/izdelek\/rebula-sveti-martin-0-75l\/","title":{"rendered":"Rebula, Sveti Martin 0.75l"},"content":{"rendered":"<section class=\"wpb-content-wrapper\"><p>[vc_row][vc_column][vc_column_text]Minister za zdravje opozarja: Prekomerno pitje alkohola \u0161koduje zdravju![\/vc_column_text][\/vc_column][\/vc_row]<\/p>\n<\/section>","protected":false},"excerpt":{"rendered":"<p>Suho vino. Ne\u017ene limonasto rumene barve. Cvetica je srednje poudarjena, mladostna, sve\u017ea. Zrela jabolka, limone, tudi zrele hru\u0161ke. Suho v ustih, srednjega telesa. Lepo izdelana mlada sve\u017ea rebula.<\/p>\n","protected":false},"featured_media":364,"template":"","meta":[],"product_cat":[16,23],"product_tag":[185,142,146,181],"_links":{"self":[{"href":"https:\/\/www.dekanter-wines.com\/shop\/wp-json\/wp\/v2\/product\/362"}],"collection":[{"href":"https:\/\/www.dekanter-wines.com\/shop\/wp-json\/wp\/v2\/product"}],"about":[{"href":"https:\/\/www.dekanter-wines.com\/shop\/wp-json\/wp\/v2\/types\/product"}],"wp:featuredmedia":[{"embeddable":true,"href":"https:\/\/www.dekanter-wines.com\/shop\/wp-json\/wp\/v2\/media\/364"}],"wp:attachment":[{"href":"https:\/\/www.dekanter-wines.com\/shop\/wp-json\/wp\/v2\/media?parent=362"}],"wp:term":[{"taxonomy":"product_cat","embeddable":true,"href":"https:\/\/www.dekanter-wines.com\/shop\/wp-json\/wp\/v2\/product_cat?post=362"},{"taxonomy":"product_tag","embeddable":true,"href":"https:\/\/www.dekanter-wines.com\/shop\/wp-json\/wp\/v2\/product_tag?post=362"}],"curies":[{"name":"wp","href":"https:\/\/api.w.org\/{rel}","templated":true}]}}