{"id":339,"date":"2023-07-06T07:20:35","date_gmt":"2023-07-06T07:20:35","guid":{"rendered":"https:\/\/www.dekanter-wines.com\/shop\/?post_type=product&#038;p=339"},"modified":"2024-12-03T17:12:07","modified_gmt":"2024-12-03T17:12:07","slug":"pinela-sveti-martin-0-75l","status":"publish","type":"product","link":"https:\/\/www.dekanter-wines.com\/shop\/izdelek\/pinela-sveti-martin-0-75l\/","title":{"rendered":"Pinela, Sveti Martin 0.75l"},"content":{"rendered":"<section class=\"wpb-content-wrapper\"><p>[vc_row][vc_column][vc_column_text]Minister za zdravje opozarja: Prekomerno pitje alkohola \u0161koduje zdravju![\/vc_column_text][\/vc_column][\/vc_row]<\/p>\n<\/section>","protected":false},"excerpt":{"rendered":"<p>Suho vino. Barva je ne\u017ena limonasto rumena. Cvetica je diskretnej\u0161a, a fina, kompaktna, sadna, malce po suhih zeli\u0161\u010dih. V ustih je srednjega telesa, z oljnato teksturo in nekoliko skromnej\u0161im sadni nabojem, slanost in mineralnost sta pred sadnostjo.<\/p>\n","protected":false},"featured_media":340,"template":"","meta":[],"product_cat":[16,23],"product_tag":[140,182,142,181],"_links":{"self":[{"href":"https:\/\/www.dekanter-wines.com\/shop\/wp-json\/wp\/v2\/product\/339"}],"collection":[{"href":"https:\/\/www.dekanter-wines.com\/shop\/wp-json\/wp\/v2\/product"}],"about":[{"href":"https:\/\/www.dekanter-wines.com\/shop\/wp-json\/wp\/v2\/types\/product"}],"wp:featuredmedia":[{"embeddable":true,"href":"https:\/\/www.dekanter-wines.com\/shop\/wp-json\/wp\/v2\/media\/340"}],"wp:attachment":[{"href":"https:\/\/www.dekanter-wines.com\/shop\/wp-json\/wp\/v2\/media?parent=339"}],"wp:term":[{"taxonomy":"product_cat","embeddable":true,"href":"https:\/\/www.dekanter-wines.com\/shop\/wp-json\/wp\/v2\/product_cat?post=339"},{"taxonomy":"product_tag","embeddable":true,"href":"https:\/\/www.dekanter-wines.com\/shop\/wp-json\/wp\/v2\/product_tag?post=339"}],"curies":[{"name":"wp","href":"https:\/\/api.w.org\/{rel}","templated":true}]}}