{"id":336,"date":"2023-07-06T07:15:37","date_gmt":"2023-07-06T07:15:37","guid":{"rendered":"https:\/\/www.dekanter-wines.com\/shop\/?post_type=product&#038;p=336"},"modified":"2024-12-03T17:14:00","modified_gmt":"2024-12-03T17:14:00","slug":"rose-sveti-martin-0-75l","status":"publish","type":"product","link":"https:\/\/www.dekanter-wines.com\/shop\/izdelek\/rose-sveti-martin-0-75l\/","title":{"rendered":"Rose, Sveti Martin 0.75l"},"content":{"rendered":"<section class=\"wpb-content-wrapper\"><p>[vc_row][vc_column][vc_column_text]Minister za zdravje opozarja: Prekomerno pitje alkohola \u0161koduje zdravju![\/vc_column_text][\/vc_column][\/vc_row]<\/p>\n<\/section>","protected":false},"excerpt":{"rendered":"<p>Suho vino. Barva je ne\u017ena, med rubinasto in lososovo. Cvetica je mladostna, sadna, po malinah, grenivki, kot malce po posu\u0161enih zeli\u0161\u010dih. V ustih je suho, srednjega telesa, \u017eivahnih srednjih kislin in zelo pester. Okusen, z dolgim zaklju\u010dkom.<\/p>\n","protected":false},"featured_media":337,"template":"","meta":[],"product_cat":[16,21],"product_tag":[157,142,146,181],"_links":{"self":[{"href":"https:\/\/www.dekanter-wines.com\/shop\/wp-json\/wp\/v2\/product\/336"}],"collection":[{"href":"https:\/\/www.dekanter-wines.com\/shop\/wp-json\/wp\/v2\/product"}],"about":[{"href":"https:\/\/www.dekanter-wines.com\/shop\/wp-json\/wp\/v2\/types\/product"}],"wp:featuredmedia":[{"embeddable":true,"href":"https:\/\/www.dekanter-wines.com\/shop\/wp-json\/wp\/v2\/media\/337"}],"wp:attachment":[{"href":"https:\/\/www.dekanter-wines.com\/shop\/wp-json\/wp\/v2\/media?parent=336"}],"wp:term":[{"taxonomy":"product_cat","embeddable":true,"href":"https:\/\/www.dekanter-wines.com\/shop\/wp-json\/wp\/v2\/product_cat?post=336"},{"taxonomy":"product_tag","embeddable":true,"href":"https:\/\/www.dekanter-wines.com\/shop\/wp-json\/wp\/v2\/product_tag?post=336"}],"curies":[{"name":"wp","href":"https:\/\/api.w.org\/{rel}","templated":true}]}}