{"id":326,"date":"2023-07-05T14:28:25","date_gmt":"2023-07-05T14:28:25","guid":{"rendered":"https:\/\/www.dekanter-wines.com\/shop\/?post_type=product&#038;p=326"},"modified":"2024-12-05T15:36:36","modified_gmt":"2024-12-05T15:36:36","slug":"penina-rose-modri-pinot-floridia-sanabor-0-75l","status":"publish","type":"product","link":"https:\/\/www.dekanter-wines.com\/shop\/izdelek\/penina-rose-modri-pinot-floridia-sanabor-0-75l\/","title":{"rendered":"Penina Rose Modri pinot Floridia, Sanabor 0.75l"},"content":{"rendered":"<section class=\"wpb-content-wrapper\"><p>[vc_row][vc_column][vc_column_text]Minister za zdravje opozarja: Prekomerno pitje alkohola \u0161koduje zdravju![\/vc_column_text][\/vc_column][\/vc_row]<\/p>\n<\/section>","protected":false},"excerpt":{"rendered":"<p>Suho. Penina ima zna\u010dilno ne\u017eno lososovo barvo. Odlikujejo jo fini drobni mehur\u010dki. Arome so fine, sve\u017ee in sadne. Zaznamo tudi vonj po malinah.<\/p>\n","protected":false},"featured_media":327,"template":"","meta":[],"product_cat":[16,20,21],"product_tag":[147,145,157,162,146],"_links":{"self":[{"href":"https:\/\/www.dekanter-wines.com\/shop\/wp-json\/wp\/v2\/product\/326"}],"collection":[{"href":"https:\/\/www.dekanter-wines.com\/shop\/wp-json\/wp\/v2\/product"}],"about":[{"href":"https:\/\/www.dekanter-wines.com\/shop\/wp-json\/wp\/v2\/types\/product"}],"wp:featuredmedia":[{"embeddable":true,"href":"https:\/\/www.dekanter-wines.com\/shop\/wp-json\/wp\/v2\/media\/327"}],"wp:attachment":[{"href":"https:\/\/www.dekanter-wines.com\/shop\/wp-json\/wp\/v2\/media?parent=326"}],"wp:term":[{"taxonomy":"product_cat","embeddable":true,"href":"https:\/\/www.dekanter-wines.com\/shop\/wp-json\/wp\/v2\/product_cat?post=326"},{"taxonomy":"product_tag","embeddable":true,"href":"https:\/\/www.dekanter-wines.com\/shop\/wp-json\/wp\/v2\/product_tag?post=326"}],"curies":[{"name":"wp","href":"https:\/\/api.w.org\/{rel}","templated":true}]}}