{"id":275,"date":"2023-07-05T13:20:33","date_gmt":"2023-07-05T13:20:33","guid":{"rendered":"https:\/\/www.dekanter-wines.com\/shop\/?post_type=product&#038;p=275"},"modified":"2024-12-05T16:15:40","modified_gmt":"2024-12-05T16:15:40","slug":"sauvignon-vajgen-dveri-pax-0-75l","status":"publish","type":"product","link":"https:\/\/www.dekanter-wines.com\/shop\/izdelek\/sauvignon-vajgen-dveri-pax-0-75l\/","title":{"rendered":"Sauvignon Vajgen, Dveri Pax 0.75l"},"content":{"rendered":"<section class=\"wpb-content-wrapper\"><p>[vc_row][vc_column][vc_column_text]Minister za zdravje opozarja: Prekomerno pitje alkohola \u0161koduje zdravju![\/vc_column_text][\/vc_column][\/vc_row]<\/p>\n<\/section>","protected":false},"excerpt":{"rendered":"<p>Suho vino. Sauvignon Vajgen je zorel v no\u200bvih in rabljenih barikih zato je pridobil globljo zlatorumeno barvo. Cvetica je poudarjena, di\u0161e\u010da, opazimo polno zrelost grozdja sorte sauvignon. Prevladujeta vinogradni\u0161ka bre-\u200bskev in kosmulja, tudi pasijonka, mango in nekaj hrastovine se najde. Zrelo in kompaktno. Suho v ustih, krepkej\u0161ega te-\u200blesa in visoko mero kislin, ki so zrele. Z lepo dimno noto in oblico okusa, ki izhaja iz polne zrelost grozdje in mal\u010dek za-\u200bradi zorenja v lesu. Ima zelo dolgim zaton, kjer se okus poslavlja v po\u010dasnem decrescendu. Prvovrstno.<\/p>\n","protected":false},"featured_media":276,"template":"","meta":[],"product_cat":[16,23],"product_tag":[140,139,151,142,152],"_links":{"self":[{"href":"https:\/\/www.dekanter-wines.com\/shop\/wp-json\/wp\/v2\/product\/275"}],"collection":[{"href":"https:\/\/www.dekanter-wines.com\/shop\/wp-json\/wp\/v2\/product"}],"about":[{"href":"https:\/\/www.dekanter-wines.com\/shop\/wp-json\/wp\/v2\/types\/product"}],"wp:featuredmedia":[{"embeddable":true,"href":"https:\/\/www.dekanter-wines.com\/shop\/wp-json\/wp\/v2\/media\/276"}],"wp:attachment":[{"href":"https:\/\/www.dekanter-wines.com\/shop\/wp-json\/wp\/v2\/media?parent=275"}],"wp:term":[{"taxonomy":"product_cat","embeddable":true,"href":"https:\/\/www.dekanter-wines.com\/shop\/wp-json\/wp\/v2\/product_cat?post=275"},{"taxonomy":"product_tag","embeddable":true,"href":"https:\/\/www.dekanter-wines.com\/shop\/wp-json\/wp\/v2\/product_tag?post=275"}],"curies":[{"name":"wp","href":"https:\/\/api.w.org\/{rel}","templated":true}]}}