{"id":224,"date":"2023-07-05T12:50:55","date_gmt":"2023-07-05T12:50:55","guid":{"rendered":"https:\/\/www.dekanter-wines.com\/shop\/?post_type=product&#038;p=224"},"modified":"2024-12-05T16:18:28","modified_gmt":"2024-12-05T16:18:28","slug":"modri-pinot-dveri-pax-0-75l","status":"publish","type":"product","link":"https:\/\/www.dekanter-wines.com\/shop\/izdelek\/modri-pinot-dveri-pax-0-75l\/","title":{"rendered":"Modri pinot, Dveri Pax 0.75l"},"content":{"rendered":"<section class=\"wpb-content-wrapper\"><p>[vc_row][vc_column][vc_column_text]Minister za zdravje opozarja: Prekomerno pitje alkohola \u0161koduje zdravju![\/vc_column_text][\/vc_column][\/vc_row]<\/p>\n<\/section>","protected":false},"excerpt":{"rendered":"<p>Suho vino. Barva je ne\u017ena, granatno rde\u010da odtenki rubinaste so \u0161e vedno prisotne. Cvetica je srednje poudarjena, dozorela, klasi\u010dna pinotova. Note po sve\u017eih jagodah, rde\u010dkastem sadju in dimu so fino prepletene z notami po podrasti, zemlji, gobah. Cvetica je obenem trajna, \u010dvrsta, s \u010dasom pa postaja vse bolj razvita in kompleksna. V ustih je suho, srednjega telesa, z izvrstno sve\u017eino, ki jo obi\u010dajno pri\u010dakujemo v modrem pinotu. Taninska struktura je koraj\u017ena, a obenem ne\u017ena. Dozorel, a v odli\u010dni kondiciji! Z lepim dolgim zatonom.<\/p>\n","protected":false},"featured_media":225,"template":"","meta":[],"product_cat":[16,24],"product_tag":[139,147,143,142],"_links":{"self":[{"href":"https:\/\/www.dekanter-wines.com\/shop\/wp-json\/wp\/v2\/product\/224"}],"collection":[{"href":"https:\/\/www.dekanter-wines.com\/shop\/wp-json\/wp\/v2\/product"}],"about":[{"href":"https:\/\/www.dekanter-wines.com\/shop\/wp-json\/wp\/v2\/types\/product"}],"wp:featuredmedia":[{"embeddable":true,"href":"https:\/\/www.dekanter-wines.com\/shop\/wp-json\/wp\/v2\/media\/225"}],"wp:attachment":[{"href":"https:\/\/www.dekanter-wines.com\/shop\/wp-json\/wp\/v2\/media?parent=224"}],"wp:term":[{"taxonomy":"product_cat","embeddable":true,"href":"https:\/\/www.dekanter-wines.com\/shop\/wp-json\/wp\/v2\/product_cat?post=224"},{"taxonomy":"product_tag","embeddable":true,"href":"https:\/\/www.dekanter-wines.com\/shop\/wp-json\/wp\/v2\/product_tag?post=224"}],"curies":[{"name":"wp","href":"https:\/\/api.w.org\/{rel}","templated":true}]}}