{"id":221,"date":"2023-07-05T12:15:16","date_gmt":"2023-07-05T12:15:16","guid":{"rendered":"https:\/\/www.dekanter-wines.com\/shop\/?post_type=product&#038;p=221"},"modified":"2024-11-05T19:28:31","modified_gmt":"2024-11-05T19:28:31","slug":"modra-frankinja-dveri-pax-0-75l","status":"publish","type":"product","link":"https:\/\/www.dekanter-wines.com\/shop\/izdelek\/modra-frankinja-dveri-pax-0-75l\/","title":{"rendered":"Modra frankinja, Dveri Pax 0.75l"},"content":{"rendered":"<section class=\"wpb-content-wrapper\"><p>[vc_row][vc_column][vc_column_text]Minister za zdravje opozarja: Prekomerno pitje alkohola \u0161koduje zdravju![\/vc_column_text][\/vc_column][\/vc_row]<\/p>\n<\/section>","protected":false},"excerpt":{"rendered":"<p>Suho vino. Barva je globoka rubinasta. Cvetica je dokaj poudarjena, zrela, umirjena, prepletena. Najdemo \u010drne \u010de\u0161nje, \u010drni poper, kavo, usnje, dim, po o\u017eganem. Sadne note prevladujejo, note zorenja v lesu jim dajejo lepo podporo. V ustih je suho, krepkej\u0161e, taninov ni malo, a so popolnoma zreli in mehki. Modra frankinja zna biti kar robustna sorta, a v tem primeru je \u017eametna, mehka. Izdelana modra frankinja, ki je po \u0161estih letih v polni formi. Prej premlada kot ne.<\/p>\n","protected":false},"featured_media":222,"template":"","meta":[],"product_cat":[16,24],"product_tag":[139,158,143,142,146],"_links":{"self":[{"href":"https:\/\/www.dekanter-wines.com\/shop\/wp-json\/wp\/v2\/product\/221"}],"collection":[{"href":"https:\/\/www.dekanter-wines.com\/shop\/wp-json\/wp\/v2\/product"}],"about":[{"href":"https:\/\/www.dekanter-wines.com\/shop\/wp-json\/wp\/v2\/types\/product"}],"wp:featuredmedia":[{"embeddable":true,"href":"https:\/\/www.dekanter-wines.com\/shop\/wp-json\/wp\/v2\/media\/222"}],"wp:attachment":[{"href":"https:\/\/www.dekanter-wines.com\/shop\/wp-json\/wp\/v2\/media?parent=221"}],"wp:term":[{"taxonomy":"product_cat","embeddable":true,"href":"https:\/\/www.dekanter-wines.com\/shop\/wp-json\/wp\/v2\/product_cat?post=221"},{"taxonomy":"product_tag","embeddable":true,"href":"https:\/\/www.dekanter-wines.com\/shop\/wp-json\/wp\/v2\/product_tag?post=221"}],"curies":[{"name":"wp","href":"https:\/\/api.w.org\/{rel}","templated":true}]}}