{"id":218,"date":"2023-07-05T12:12:08","date_gmt":"2023-07-05T12:12:08","guid":{"rendered":"https:\/\/www.dekanter-wines.com\/shop\/?post_type=product&#038;p=218"},"modified":"2024-12-05T16:21:34","modified_gmt":"2024-12-05T16:21:34","slug":"penina-dp-classic-cuvee-dveri-pax-0-75l","status":"publish","type":"product","link":"https:\/\/www.dekanter-wines.com\/shop\/izdelek\/penina-dp-classic-cuvee-dveri-pax-0-75l\/","title":{"rendered":"Penina DP classic Cuvee, Dveri Pax 0.75l"},"content":{"rendered":"<section class=\"wpb-content-wrapper\"><p>[vc_row][vc_column][vc_column_text]Minister za zdravje opozarja: Prekomerno pitje alkohola \u0161koduje zdravju![\/vc_column_text][\/vc_column][\/vc_row]<\/p>\n<\/section>","protected":false},"excerpt":{"rendered":"<p>Ekstra suho vino (Chardonnay, Modri pinot). Barva je ne\u017ena limonasto rumena. Mehur\u010dki so drobni, igrivi in \u0161tevil\u010dni. Cvetica ne\u017enej\u0161a, lepo di\u0161e\u010da in pestra. Navkljub dokaj dolgem le\u017eanju na kvasovkah sadna in spominja na limono, limeto ter rumena in zelena jabolka, kvasne note so ne\u017ene, a prisotne. Prepri\u010da nas natan\u010dnost in sestavljenost vonjav. V ustih je zelo suho, vsebnost kislin pa daje penini simpati\u010dno \u017eivahnost. Tekstura mehur\u010dkov je zaradi dolgega zorenja na kvasovkah zelo prijetna, fina. Zaklju\u010di se v prijetnem, dalj\u0161em pookusu.<\/p>\n","protected":false},"featured_media":219,"template":"","meta":[],"product_cat":[16,20],"product_tag":[139,145,142,146],"_links":{"self":[{"href":"https:\/\/www.dekanter-wines.com\/shop\/wp-json\/wp\/v2\/product\/218"}],"collection":[{"href":"https:\/\/www.dekanter-wines.com\/shop\/wp-json\/wp\/v2\/product"}],"about":[{"href":"https:\/\/www.dekanter-wines.com\/shop\/wp-json\/wp\/v2\/types\/product"}],"wp:featuredmedia":[{"embeddable":true,"href":"https:\/\/www.dekanter-wines.com\/shop\/wp-json\/wp\/v2\/media\/219"}],"wp:attachment":[{"href":"https:\/\/www.dekanter-wines.com\/shop\/wp-json\/wp\/v2\/media?parent=218"}],"wp:term":[{"taxonomy":"product_cat","embeddable":true,"href":"https:\/\/www.dekanter-wines.com\/shop\/wp-json\/wp\/v2\/product_cat?post=218"},{"taxonomy":"product_tag","embeddable":true,"href":"https:\/\/www.dekanter-wines.com\/shop\/wp-json\/wp\/v2\/product_tag?post=218"}],"curies":[{"name":"wp","href":"https:\/\/api.w.org\/{rel}","templated":true}]}}