{"id":208,"date":"2023-07-05T10:47:26","date_gmt":"2023-07-05T10:47:26","guid":{"rendered":"https:\/\/www.dekanter-wines.com\/shop\/?post_type=product&#038;p=208"},"modified":"2024-12-05T16:24:15","modified_gmt":"2024-12-05T16:24:15","slug":"benedict-red-cuvee-dveri-pax-0-75l","status":"publish","type":"product","link":"https:\/\/www.dekanter-wines.com\/shop\/izdelek\/benedict-red-cuvee-dveri-pax-0-75l\/","title":{"rendered":"Benedict Red cuvee, Dveri Pax 0.75l"},"content":{"rendered":"<section class=\"wpb-content-wrapper\"><p>[vc_row][vc_column][vc_column_text]Minister za zdravje opozarja: Prekomerno pitje alkohola \u0161koduje zdravju![\/vc_column_text][\/vc_column][\/vc_row]<\/p>\n<\/section>","protected":false},"excerpt":{"rendered":"<p>Suho vino. Zvrst (modra frankinja, modri pinot, zweigelt). Barva je srednje globoka, kljub nekaj letom zorenja \u0161e vedno rubinasta. Cvetica je poudarjena, najdemo usnje, \u010drni poper ter temne \u010de\u0161nje. V ustih je suho, z zrelimi tanini. Srednjega telesa z vi\u0161jo mero kislin.<\/p>\n","protected":false},"featured_media":209,"template":"","meta":[],"product_cat":[16,24],"product_tag":[139,144,143,142],"_links":{"self":[{"href":"https:\/\/www.dekanter-wines.com\/shop\/wp-json\/wp\/v2\/product\/208"}],"collection":[{"href":"https:\/\/www.dekanter-wines.com\/shop\/wp-json\/wp\/v2\/product"}],"about":[{"href":"https:\/\/www.dekanter-wines.com\/shop\/wp-json\/wp\/v2\/types\/product"}],"wp:featuredmedia":[{"embeddable":true,"href":"https:\/\/www.dekanter-wines.com\/shop\/wp-json\/wp\/v2\/media\/209"}],"wp:attachment":[{"href":"https:\/\/www.dekanter-wines.com\/shop\/wp-json\/wp\/v2\/media?parent=208"}],"wp:term":[{"taxonomy":"product_cat","embeddable":true,"href":"https:\/\/www.dekanter-wines.com\/shop\/wp-json\/wp\/v2\/product_cat?post=208"},{"taxonomy":"product_tag","embeddable":true,"href":"https:\/\/www.dekanter-wines.com\/shop\/wp-json\/wp\/v2\/product_tag?post=208"}],"curies":[{"name":"wp","href":"https:\/\/api.w.org\/{rel}","templated":true}]}}