{"id":201,"date":"2023-07-05T09:14:30","date_gmt":"2023-07-05T09:14:30","guid":{"rendered":"https:\/\/www.dekanter-wines.com\/shop\/?post_type=product&#038;p=201"},"modified":"2024-12-05T16:25:11","modified_gmt":"2024-12-05T16:25:11","slug":"benedict-white-cuvee-dveri-pax-0-75l","status":"publish","type":"product","link":"https:\/\/www.dekanter-wines.com\/shop\/izdelek\/benedict-white-cuvee-dveri-pax-0-75l\/","title":{"rendered":"Benedict White cuvee, Dveri Pax 0.75 l"},"content":{"rendered":"<section class=\"wpb-content-wrapper\"><p>[vc_row][vc_column][vc_column_text]Minister za zdravje opozarja: Prekomerno pitje alkohola \u0161koduje zdravju![\/vc_column_text][\/vc_column][\/vc_row]<\/p>\n<\/section>","protected":false},"excerpt":{"rendered":"<p>Suho vino. Klasi\u010dna \u0161tajerska zvrst lokalnih in mednarodnih sort (la\u0161ki rizling, \u0161ipon, sivi pinot, sauvignon, traminec ). Vino je ne\u017ene limonaste barve. Cvetica je nekoliko mladostna, predvsem sadna. Jabolka, limone. V ustih je vino suho, la\u017ejega telesa, z vi\u0161jimi kislinami, ki so lepo zrele in dajejo vinu \u017elahnost. Okus v ustih je dokaj inteziven, pookus pa vztrajen.<\/p>\n","protected":false},"featured_media":206,"template":"","meta":[],"product_cat":[16,23],"product_tag":[141,140,139,142],"_links":{"self":[{"href":"https:\/\/www.dekanter-wines.com\/shop\/wp-json\/wp\/v2\/product\/201"}],"collection":[{"href":"https:\/\/www.dekanter-wines.com\/shop\/wp-json\/wp\/v2\/product"}],"about":[{"href":"https:\/\/www.dekanter-wines.com\/shop\/wp-json\/wp\/v2\/types\/product"}],"wp:featuredmedia":[{"embeddable":true,"href":"https:\/\/www.dekanter-wines.com\/shop\/wp-json\/wp\/v2\/media\/206"}],"wp:attachment":[{"href":"https:\/\/www.dekanter-wines.com\/shop\/wp-json\/wp\/v2\/media?parent=201"}],"wp:term":[{"taxonomy":"product_cat","embeddable":true,"href":"https:\/\/www.dekanter-wines.com\/shop\/wp-json\/wp\/v2\/product_cat?post=201"},{"taxonomy":"product_tag","embeddable":true,"href":"https:\/\/www.dekanter-wines.com\/shop\/wp-json\/wp\/v2\/product_tag?post=201"}],"curies":[{"name":"wp","href":"https:\/\/api.w.org\/{rel}","templated":true}]}}