{"id":1420,"date":"2024-05-11T18:00:16","date_gmt":"2024-05-11T18:00:16","guid":{"rendered":"https:\/\/www.dekanter-wines.com\/shop\/?post_type=product&#038;p=1420"},"modified":"2024-11-29T17:40:42","modified_gmt":"2024-11-29T17:40:42","slug":"angel-rdece-cuvee-merlot-cabernet-s-cabernet-f-dry-batic-0-75-l","status":"publish","type":"product","link":"https:\/\/www.dekanter-wines.com\/shop\/izdelek\/angel-rdece-cuvee-merlot-cabernet-s-cabernet-f-dry-batic-0-75-l\/","title":{"rendered":"Angel rde\u010de Cuvee, ( merlot. cabernet, s. cabernet f.) dry, Bati\u010d (0.75 l)"},"content":{"rendered":"<section class=\"wpb-content-wrapper\"><p>[vc_row][vc_column][vc_column_text]Minister za zdravje opozarja: Prekomerno pitje alkohola \u0161koduje zdravju![\/vc_column_text][\/vc_column][\/vc_row]<\/p>\n<\/section>","protected":false},"excerpt":{"rendered":"<div class=\"sc-276506a7-1 jRJgnv\">\n<p class=\"sc-276506a7-5 ipfDpP\">Globoke vijoli\u010dne barve. Cvetica je mladostna. Cvetno sadne zaznave, tudi pikantno. Zrela \u010de\u0161nja, \u010drni poper, lesne note, \u010dokolada. Fino! Suho v ustih, taninski oprijem je ne\u017enej\u0161i, a jasen. Bistveno manj robustno in bolj elegantno kot do sedaj, \u010detudi krepko<\/p>\n<\/div>\n","protected":false},"featured_media":1421,"template":"","meta":[],"product_cat":[16,24,15],"product_tag":[],"_links":{"self":[{"href":"https:\/\/www.dekanter-wines.com\/shop\/wp-json\/wp\/v2\/product\/1420"}],"collection":[{"href":"https:\/\/www.dekanter-wines.com\/shop\/wp-json\/wp\/v2\/product"}],"about":[{"href":"https:\/\/www.dekanter-wines.com\/shop\/wp-json\/wp\/v2\/types\/product"}],"wp:featuredmedia":[{"embeddable":true,"href":"https:\/\/www.dekanter-wines.com\/shop\/wp-json\/wp\/v2\/media\/1421"}],"wp:attachment":[{"href":"https:\/\/www.dekanter-wines.com\/shop\/wp-json\/wp\/v2\/media?parent=1420"}],"wp:term":[{"taxonomy":"product_cat","embeddable":true,"href":"https:\/\/www.dekanter-wines.com\/shop\/wp-json\/wp\/v2\/product_cat?post=1420"},{"taxonomy":"product_tag","embeddable":true,"href":"https:\/\/www.dekanter-wines.com\/shop\/wp-json\/wp\/v2\/product_tag?post=1420"}],"curies":[{"name":"wp","href":"https:\/\/api.w.org\/{rel}","templated":true}]}}