{"id":1416,"date":"2024-05-11T17:51:02","date_gmt":"2024-05-11T17:51:02","guid":{"rendered":"https:\/\/www.dekanter-wines.com\/shop\/?post_type=product&#038;p=1416"},"modified":"2024-11-29T17:42:01","modified_gmt":"2024-11-29T17:42:01","slug":"penina-rebula-dry-klet-brda-0-75-l","status":"publish","type":"product","link":"https:\/\/www.dekanter-wines.com\/shop\/izdelek\/penina-rebula-dry-klet-brda-0-75-l\/","title":{"rendered":"Penina Rebula dry, Klet Brda (0.75 l)"},"content":{"rendered":"<section class=\"wpb-content-wrapper\"><p>[vc_row][vc_column][vc_column_text]Minister za zdravje opozarja: Prekomerno pitje alkohola \u0161koduje zdravju![\/vc_column_text][\/vc_column][\/vc_row]<\/p>\n<\/section>","protected":false},"excerpt":{"rendered":"<p>Limonasto rumene barve z neskon\u010dnimi verigami mehur\u010dkov. Zna\u010dilna intenzivnost karakterja rebule, \u017eivahna sve\u017eina. Najprej zadr\u017eana, nato pa \u017ege\u010dkljivo sadna (zeleno jabolko in citrusi).<\/p>\n","protected":false},"featured_media":1417,"template":"","meta":[],"product_cat":[16,20],"product_tag":[],"_links":{"self":[{"href":"https:\/\/www.dekanter-wines.com\/shop\/wp-json\/wp\/v2\/product\/1416"}],"collection":[{"href":"https:\/\/www.dekanter-wines.com\/shop\/wp-json\/wp\/v2\/product"}],"about":[{"href":"https:\/\/www.dekanter-wines.com\/shop\/wp-json\/wp\/v2\/types\/product"}],"wp:featuredmedia":[{"embeddable":true,"href":"https:\/\/www.dekanter-wines.com\/shop\/wp-json\/wp\/v2\/media\/1417"}],"wp:attachment":[{"href":"https:\/\/www.dekanter-wines.com\/shop\/wp-json\/wp\/v2\/media?parent=1416"}],"wp:term":[{"taxonomy":"product_cat","embeddable":true,"href":"https:\/\/www.dekanter-wines.com\/shop\/wp-json\/wp\/v2\/product_cat?post=1416"},{"taxonomy":"product_tag","embeddable":true,"href":"https:\/\/www.dekanter-wines.com\/shop\/wp-json\/wp\/v2\/product_tag?post=1416"}],"curies":[{"name":"wp","href":"https:\/\/api.w.org\/{rel}","templated":true}]}}