{"id":1413,"date":"2024-05-11T17:13:00","date_gmt":"2024-05-11T17:13:00","guid":{"rendered":"https:\/\/www.dekanter-wines.com\/shop\/?post_type=product&#038;p=1413"},"modified":"2024-11-29T17:42:49","modified_gmt":"2024-11-29T17:42:49","slug":"duet-lex-cuvee-cabernet-s-merlot-cabernet-f-dry-edi-simcic-0-75-l","status":"publish","type":"product","link":"https:\/\/www.dekanter-wines.com\/shop\/izdelek\/duet-lex-cuvee-cabernet-s-merlot-cabernet-f-dry-edi-simcic-0-75-l\/","title":{"rendered":"Duet Lex Cuvee (Cabernet s., Merlot, Cabernet F.) dry, Edi Sim\u010di\u010d (0.75 l)"},"content":{"rendered":"<section class=\"wpb-content-wrapper\"><p>[vc_row][vc_column][vc_column_text]Minister za zdravje opozarja: Prekomerno pitje alkohola \u0161koduje zdravju![\/vc_column_text][\/vc_column][\/vc_row]<\/p>\n<\/section>","protected":false},"excerpt":{"rendered":"<p>Globoke rubinasto rde\u010de barve, s kompleksno cvetico po \u010drnem ribezu, finem tobaku, sladi\u010du ter poudarjeno pikantno noto. Tanini so \u010dvrsti, v dolo\u010denih letniki potrebujejo nekaj \u010dasa, da se zmeh\u010dajo. Vedno kompleksen in eleganten.<\/p>\n","protected":false},"featured_media":1414,"template":"","meta":[],"product_cat":[16,24],"product_tag":[],"_links":{"self":[{"href":"https:\/\/www.dekanter-wines.com\/shop\/wp-json\/wp\/v2\/product\/1413"}],"collection":[{"href":"https:\/\/www.dekanter-wines.com\/shop\/wp-json\/wp\/v2\/product"}],"about":[{"href":"https:\/\/www.dekanter-wines.com\/shop\/wp-json\/wp\/v2\/types\/product"}],"wp:featuredmedia":[{"embeddable":true,"href":"https:\/\/www.dekanter-wines.com\/shop\/wp-json\/wp\/v2\/media\/1414"}],"wp:attachment":[{"href":"https:\/\/www.dekanter-wines.com\/shop\/wp-json\/wp\/v2\/media?parent=1413"}],"wp:term":[{"taxonomy":"product_cat","embeddable":true,"href":"https:\/\/www.dekanter-wines.com\/shop\/wp-json\/wp\/v2\/product_cat?post=1413"},{"taxonomy":"product_tag","embeddable":true,"href":"https:\/\/www.dekanter-wines.com\/shop\/wp-json\/wp\/v2\/product_tag?post=1413"}],"curies":[{"name":"wp","href":"https:\/\/api.w.org\/{rel}","templated":true}]}}