{"id":1410,"date":"2024-05-11T16:42:22","date_gmt":"2024-05-11T16:42:22","guid":{"rendered":"https:\/\/www.dekanter-wines.com\/shop\/?post_type=product&#038;p=1410"},"modified":"2025-09-02T20:02:04","modified_gmt":"2025-09-02T18:02:04","slug":"duet-cuvee-cabernet-s-merlot-cabernet-f-dry-edi-simcic-0-75-l","status":"publish","type":"product","link":"https:\/\/www.dekanter-wines.com\/shop\/izdelek\/duet-cuvee-cabernet-s-merlot-cabernet-f-dry-edi-simcic-0-75-l\/","title":{"rendered":"Duet Cuvee (Cabernet s., Merlot, Cabernet F.) dry, Edi Sim\u010di\u010d (0.75 l)"},"content":{"rendered":"<section class=\"wpb-content-wrapper\"><p>[vc_row][vc_column][vc_column_text]Minister za zdravje opozarja: Prekomerno pitje alkohola \u0161koduje zdravju![\/vc_column_text][\/vc_column][\/vc_row]<\/p>\n<\/section>","protected":false},"excerpt":{"rendered":"<p>Duet je vino, ki nudi nekaj za pitje in zadovoljstvo hkrati. \u010ceprav ni prezahteven, je dovolj resen. Premore tako sadnost kot pikantnost. Okus v ustih je dokaj bogat, pester, sadni naboj in sve\u017eina si podajata roko. Vino se zaklju\u010di v dalj\u0161em, lepem jasnem pookusu.<\/p>\n","protected":false},"featured_media":1411,"template":"","meta":[],"product_cat":[16,24],"product_tag":[],"_links":{"self":[{"href":"https:\/\/www.dekanter-wines.com\/shop\/wp-json\/wp\/v2\/product\/1410"}],"collection":[{"href":"https:\/\/www.dekanter-wines.com\/shop\/wp-json\/wp\/v2\/product"}],"about":[{"href":"https:\/\/www.dekanter-wines.com\/shop\/wp-json\/wp\/v2\/types\/product"}],"wp:featuredmedia":[{"embeddable":true,"href":"https:\/\/www.dekanter-wines.com\/shop\/wp-json\/wp\/v2\/media\/1411"}],"wp:attachment":[{"href":"https:\/\/www.dekanter-wines.com\/shop\/wp-json\/wp\/v2\/media?parent=1410"}],"wp:term":[{"taxonomy":"product_cat","embeddable":true,"href":"https:\/\/www.dekanter-wines.com\/shop\/wp-json\/wp\/v2\/product_cat?post=1410"},{"taxonomy":"product_tag","embeddable":true,"href":"https:\/\/www.dekanter-wines.com\/shop\/wp-json\/wp\/v2\/product_tag?post=1410"}],"curies":[{"name":"wp","href":"https:\/\/api.w.org\/{rel}","templated":true}]}}