{"id":1407,"date":"2024-05-11T16:31:23","date_gmt":"2024-05-11T16:31:23","guid":{"rendered":"https:\/\/www.dekanter-wines.com\/shop\/?post_type=product&#038;p=1407"},"modified":"2025-09-02T20:03:04","modified_gmt":"2025-09-02T18:03:04","slug":"malvazija-dry-edi-simcic-0-75-l","status":"publish","type":"product","link":"https:\/\/www.dekanter-wines.com\/shop\/izdelek\/malvazija-dry-edi-simcic-0-75-l\/","title":{"rendered":"Malvazija dry, Edi Sim\u010di\u010d (0.75 l)"},"content":{"rendered":"<section class=\"wpb-content-wrapper\"><p>[vc_row][vc_column][vc_column_text]Minister za zdravje opozarja: Prekomerno pitje alkohola \u0161koduje zdravju![\/vc_column_text][\/vc_column][\/vc_row]<\/p>\n<\/section>","protected":false},"excerpt":{"rendered":"<p>Srednje globoke zlatorumene barve. Cvetica je srednje poudarjena, zrela, so\u010dna, cvetli\u010dna. Predvsem po akaciji, regratovem cvetju, zrelih marelicah. Lepoprepleteno z notami zorenja v lesu, karamelo. Prikradejo se tudi suha zeli\u0161\u010da.Suho v ustih, krepko, z zmerno mero kislin, ki so skladne. Polnega, intenzivnega okusa. Oljnata tekstura, za\u0161\u010ditna znamka belih vin iz donegovane linije je prisotna tudi tukaj. Z dolgim, slanim pookusom.<\/p>\n","protected":false},"featured_media":1408,"template":"","meta":[],"product_cat":[16,23],"product_tag":[],"_links":{"self":[{"href":"https:\/\/www.dekanter-wines.com\/shop\/wp-json\/wp\/v2\/product\/1407"}],"collection":[{"href":"https:\/\/www.dekanter-wines.com\/shop\/wp-json\/wp\/v2\/product"}],"about":[{"href":"https:\/\/www.dekanter-wines.com\/shop\/wp-json\/wp\/v2\/types\/product"}],"wp:featuredmedia":[{"embeddable":true,"href":"https:\/\/www.dekanter-wines.com\/shop\/wp-json\/wp\/v2\/media\/1408"}],"wp:attachment":[{"href":"https:\/\/www.dekanter-wines.com\/shop\/wp-json\/wp\/v2\/media?parent=1407"}],"wp:term":[{"taxonomy":"product_cat","embeddable":true,"href":"https:\/\/www.dekanter-wines.com\/shop\/wp-json\/wp\/v2\/product_cat?post=1407"},{"taxonomy":"product_tag","embeddable":true,"href":"https:\/\/www.dekanter-wines.com\/shop\/wp-json\/wp\/v2\/product_tag?post=1407"}],"curies":[{"name":"wp","href":"https:\/\/api.w.org\/{rel}","templated":true}]}}