{"id":1404,"date":"2024-05-11T16:17:18","date_gmt":"2024-05-11T16:17:18","guid":{"rendered":"https:\/\/www.dekanter-wines.com\/shop\/?post_type=product&#038;p=1404"},"modified":"2024-11-29T17:47:22","modified_gmt":"2024-11-29T17:47:22","slug":"lapis-vitovska-g-dry-stoka-0-75-l","status":"publish","type":"product","link":"https:\/\/www.dekanter-wines.com\/shop\/izdelek\/lapis-vitovska-g-dry-stoka-0-75-l\/","title":{"rendered":"Lapis (Vitovska g.) dry, \u0160toka (0.75 l)"},"content":{"rendered":"<section class=\"wpb-content-wrapper\"><p>[vc_row][vc_column][vc_column_text]Minister za zdravje opozarja: Prekomerno pitje alkohola \u0161koduje zdravju![\/vc_column_text][\/vc_column][\/vc_row]<\/p>\n<\/section>","protected":false},"excerpt":{"rendered":"<p>Vino je globoke zlatorumene barve. Cvetica je dozorela, medena, di\u0161i po kremenu, cvetju, zemlji, maslu. V ustih je vino suho, zmernih kislin, srednjega telesa, mal\u010dek trpkasto, a izjemno lepo prepleteno z dalj\u0161im pookusom in obilico originalnega karakterja. Prav dobro.<\/p>\n","protected":false},"featured_media":1405,"template":"","meta":[],"product_cat":[16,23,15],"product_tag":[],"_links":{"self":[{"href":"https:\/\/www.dekanter-wines.com\/shop\/wp-json\/wp\/v2\/product\/1404"}],"collection":[{"href":"https:\/\/www.dekanter-wines.com\/shop\/wp-json\/wp\/v2\/product"}],"about":[{"href":"https:\/\/www.dekanter-wines.com\/shop\/wp-json\/wp\/v2\/types\/product"}],"wp:featuredmedia":[{"embeddable":true,"href":"https:\/\/www.dekanter-wines.com\/shop\/wp-json\/wp\/v2\/media\/1405"}],"wp:attachment":[{"href":"https:\/\/www.dekanter-wines.com\/shop\/wp-json\/wp\/v2\/media?parent=1404"}],"wp:term":[{"taxonomy":"product_cat","embeddable":true,"href":"https:\/\/www.dekanter-wines.com\/shop\/wp-json\/wp\/v2\/product_cat?post=1404"},{"taxonomy":"product_tag","embeddable":true,"href":"https:\/\/www.dekanter-wines.com\/shop\/wp-json\/wp\/v2\/product_tag?post=1404"}],"curies":[{"name":"wp","href":"https:\/\/api.w.org\/{rel}","templated":true}]}}