{"id":1385,"date":"2024-05-09T17:51:08","date_gmt":"2024-05-09T17:51:08","guid":{"rendered":"https:\/\/www.dekanter-wines.com\/shop\/?post_type=product&#038;p=1385"},"modified":"2024-11-29T17:56:38","modified_gmt":"2024-11-29T17:56:38","slug":"vitovska-grganija-dry-stoka-0-75-l","status":"publish","type":"product","link":"https:\/\/www.dekanter-wines.com\/shop\/izdelek\/vitovska-grganija-dry-stoka-0-75-l\/","title":{"rendered":"Vitovska grganija dry, \u0160toka (0.75 l)"},"content":{"rendered":"<section class=\"wpb-content-wrapper\"><p>[vc_row][vc_column][vc_column_text]Minister za zdravje opozarja: Prekomerno pitje alkohola \u0161koduje zdravju![\/vc_column_text][\/vc_column][\/vc_row]<\/p>\n<\/section>","protected":false},"excerpt":{"rendered":"<p>Vino je srednje globoke zlatorumene barve. Cvetica je dozorela,\u00a0umirjena, prijetna. Di\u0161i po maslu in\u00a0suhih zeli\u0161\u010dih. V ustih je vino suho, vi\u0161jih\u00a0kislin, srednjege telesa, z intenzivnej\u0161im karakterjem. Dolga, okusna, prav lepo izdelana vitovska grganja.<\/p>\n","protected":false},"featured_media":1386,"template":"","meta":[],"product_cat":[16,23],"product_tag":[],"_links":{"self":[{"href":"https:\/\/www.dekanter-wines.com\/shop\/wp-json\/wp\/v2\/product\/1385"}],"collection":[{"href":"https:\/\/www.dekanter-wines.com\/shop\/wp-json\/wp\/v2\/product"}],"about":[{"href":"https:\/\/www.dekanter-wines.com\/shop\/wp-json\/wp\/v2\/types\/product"}],"wp:featuredmedia":[{"embeddable":true,"href":"https:\/\/www.dekanter-wines.com\/shop\/wp-json\/wp\/v2\/media\/1386"}],"wp:attachment":[{"href":"https:\/\/www.dekanter-wines.com\/shop\/wp-json\/wp\/v2\/media?parent=1385"}],"wp:term":[{"taxonomy":"product_cat","embeddable":true,"href":"https:\/\/www.dekanter-wines.com\/shop\/wp-json\/wp\/v2\/product_cat?post=1385"},{"taxonomy":"product_tag","embeddable":true,"href":"https:\/\/www.dekanter-wines.com\/shop\/wp-json\/wp\/v2\/product_tag?post=1385"}],"curies":[{"name":"wp","href":"https:\/\/api.w.org\/{rel}","templated":true}]}}