{"id":1381,"date":"2024-05-09T17:22:38","date_gmt":"2024-05-09T17:22:38","guid":{"rendered":"https:\/\/www.dekanter-wines.com\/shop\/?post_type=product&#038;p=1381"},"modified":"2024-11-29T17:57:42","modified_gmt":"2024-11-29T17:57:42","slug":"cara-cuvee-vitovska-malvazija-chardonnay-dry-stoka-0-75-l","status":"publish","type":"product","link":"https:\/\/www.dekanter-wines.com\/shop\/izdelek\/cara-cuvee-vitovska-malvazija-chardonnay-dry-stoka-0-75-l\/","title":{"rendered":"Cara Cuvee (vitovska, malvazija, chardonnay)  dry, \u0160toka (0.75 l)"},"content":{"rendered":"<section class=\"wpb-content-wrapper\"><p>[vc_row][vc_column][vc_column_text]Minister za zdravje opozarja: Prekomerno pitje alkohola \u0161koduje zdravju![\/vc_column_text][\/vc_column][\/vc_row]<\/p>\n<\/section>","protected":false},"excerpt":{"rendered":"<p>Globlje zlatorumene barve. Cvetica je dozorela. Malce po hrastovini, dimu, medenjakih. Suho v ustih, zaradi zrelosti malce sladkasto, tekstura je fina oljnata, polnega okusa, vi\u0161ja stopnja kislin poskrbi za \u017eivahnost, zrelo z dalj\u0161im zatonom. Prav lepo pridelano in \u0161e vedno v prav dobri formi.<\/p>\n","protected":false},"featured_media":1382,"template":"","meta":[],"product_cat":[16,23],"product_tag":[],"_links":{"self":[{"href":"https:\/\/www.dekanter-wines.com\/shop\/wp-json\/wp\/v2\/product\/1381"}],"collection":[{"href":"https:\/\/www.dekanter-wines.com\/shop\/wp-json\/wp\/v2\/product"}],"about":[{"href":"https:\/\/www.dekanter-wines.com\/shop\/wp-json\/wp\/v2\/types\/product"}],"wp:featuredmedia":[{"embeddable":true,"href":"https:\/\/www.dekanter-wines.com\/shop\/wp-json\/wp\/v2\/media\/1382"}],"wp:attachment":[{"href":"https:\/\/www.dekanter-wines.com\/shop\/wp-json\/wp\/v2\/media?parent=1381"}],"wp:term":[{"taxonomy":"product_cat","embeddable":true,"href":"https:\/\/www.dekanter-wines.com\/shop\/wp-json\/wp\/v2\/product_cat?post=1381"},{"taxonomy":"product_tag","embeddable":true,"href":"https:\/\/www.dekanter-wines.com\/shop\/wp-json\/wp\/v2\/product_tag?post=1381"}],"curies":[{"name":"wp","href":"https:\/\/api.w.org\/{rel}","templated":true}]}}