{"id":1378,"date":"2024-05-09T17:01:20","date_gmt":"2024-05-09T17:01:20","guid":{"rendered":"https:\/\/www.dekanter-wines.com\/shop\/?post_type=product&#038;p=1378"},"modified":"2024-11-29T17:58:44","modified_gmt":"2024-11-29T17:58:44","slug":"cabernet-franc-batic-0-75-l","status":"publish","type":"product","link":"https:\/\/www.dekanter-wines.com\/shop\/izdelek\/cabernet-franc-batic-0-75-l\/","title":{"rendered":"Cabernet Franc, Bati\u010d (0.75 l)"},"content":{"rendered":"<section class=\"wpb-content-wrapper\"><p>[vc_row][vc_column][vc_column_text]Minister za zdravje opozarja: Prekomerno pitje alkohola \u0161koduje zdravju![\/vc_column_text][\/vc_column][\/vc_row]<\/p>\n<\/section>","protected":false},"excerpt":{"rendered":"<p>Globoke rubinaste barve. Cvetica je intenzivnej\u0161a, po kavi, \u010de\u0161nji, tudi pikantno. Lepa pestrost. Suho, vi\u0161jih kislin, srednjega telesa, z mehko in privla\u010dno teksturo, zrelimi tanini ter nekoliko enostavnej\u0161im okusom v ustih v primerjavi z obljubo v cvetici. Z lepim toplim pikantnim zatonom.<\/p>\n","protected":false},"featured_media":1379,"template":"","meta":[],"product_cat":[16,24],"product_tag":[],"_links":{"self":[{"href":"https:\/\/www.dekanter-wines.com\/shop\/wp-json\/wp\/v2\/product\/1378"}],"collection":[{"href":"https:\/\/www.dekanter-wines.com\/shop\/wp-json\/wp\/v2\/product"}],"about":[{"href":"https:\/\/www.dekanter-wines.com\/shop\/wp-json\/wp\/v2\/types\/product"}],"wp:featuredmedia":[{"embeddable":true,"href":"https:\/\/www.dekanter-wines.com\/shop\/wp-json\/wp\/v2\/media\/1379"}],"wp:attachment":[{"href":"https:\/\/www.dekanter-wines.com\/shop\/wp-json\/wp\/v2\/media?parent=1378"}],"wp:term":[{"taxonomy":"product_cat","embeddable":true,"href":"https:\/\/www.dekanter-wines.com\/shop\/wp-json\/wp\/v2\/product_cat?post=1378"},{"taxonomy":"product_tag","embeddable":true,"href":"https:\/\/www.dekanter-wines.com\/shop\/wp-json\/wp\/v2\/product_tag?post=1378"}],"curies":[{"name":"wp","href":"https:\/\/api.w.org\/{rel}","templated":true}]}}