{"id":1354,"date":"2024-05-08T16:47:11","date_gmt":"2024-05-08T16:47:11","guid":{"rendered":"https:\/\/www.dekanter-wines.com\/shop\/?post_type=product&#038;p=1354"},"modified":"2024-12-02T16:34:50","modified_gmt":"2024-12-02T16:34:50","slug":"rdeca-natura-cuvee-merlot-cabernet-in-barbera-dry-petric-0-75-l","status":"publish","type":"product","link":"https:\/\/www.dekanter-wines.com\/shop\/izdelek\/rdeca-natura-cuvee-merlot-cabernet-in-barbera-dry-petric-0-75-l\/","title":{"rendered":"Rde\u010da natura Cuvee (Merlot, Cabernet in Barbera), dry, Petri\u010d (0.75 l)"},"content":{"rendered":"<section class=\"wpb-content-wrapper\"><p>[vc_row][vc_column][vc_column_text]Minister za zdravje opozarja: Prekomerno pitje alkohola \u0161koduje zdravju![\/vc_column_text][\/vc_column][\/vc_row]<\/p>\n<\/section>","protected":false},"excerpt":{"rendered":"<p>Rde\u010da Natura je vino rubinasto rde\u010de barve z granatnim odtenkom. Vonj je saden, spominja na rde\u010de jagodi\u010dje, zaokro\u017een z ne\u017eno aromo vanilje. V ustih je vino gladko, srednje polnega telesa. Barbera pa poskrbi za sve\u017eino, ki lepo dopolnjuje Merlot in Cabernet. S staranjem pridobi vino posebno kakovost, ki jo zlasti cenijo dobri poznavalci rde\u010dih vin.<\/p>\n","protected":false},"featured_media":1355,"template":"","meta":[],"product_cat":[16,24],"product_tag":[],"_links":{"self":[{"href":"https:\/\/www.dekanter-wines.com\/shop\/wp-json\/wp\/v2\/product\/1354"}],"collection":[{"href":"https:\/\/www.dekanter-wines.com\/shop\/wp-json\/wp\/v2\/product"}],"about":[{"href":"https:\/\/www.dekanter-wines.com\/shop\/wp-json\/wp\/v2\/types\/product"}],"wp:featuredmedia":[{"embeddable":true,"href":"https:\/\/www.dekanter-wines.com\/shop\/wp-json\/wp\/v2\/media\/1355"}],"wp:attachment":[{"href":"https:\/\/www.dekanter-wines.com\/shop\/wp-json\/wp\/v2\/media?parent=1354"}],"wp:term":[{"taxonomy":"product_cat","embeddable":true,"href":"https:\/\/www.dekanter-wines.com\/shop\/wp-json\/wp\/v2\/product_cat?post=1354"},{"taxonomy":"product_tag","embeddable":true,"href":"https:\/\/www.dekanter-wines.com\/shop\/wp-json\/wp\/v2\/product_tag?post=1354"}],"curies":[{"name":"wp","href":"https:\/\/api.w.org\/{rel}","templated":true}]}}