{"id":1347,"date":"2024-05-08T16:30:28","date_gmt":"2024-05-08T16:30:28","guid":{"rendered":"https:\/\/www.dekanter-wines.com\/shop\/?post_type=product&#038;p=1347"},"modified":"2024-12-02T16:37:10","modified_gmt":"2024-12-02T16:37:10","slug":"cabernet-sauvignon-dry-colja-0-75-l","status":"publish","type":"product","link":"https:\/\/www.dekanter-wines.com\/shop\/izdelek\/cabernet-sauvignon-dry-colja-0-75-l\/","title":{"rendered":"Cabernet Sauvignon dry, Colja (0.75 l)"},"content":{"rendered":"<section class=\"wpb-content-wrapper\"><p>[vc_row][vc_column][vc_column_text]Minister za zdravje opozarja: Prekomerno pitje alkohola \u0161koduje zdravju![\/vc_column_text][\/vc_column][\/vc_row]<\/p>\n<\/section>","protected":false},"excerpt":{"rendered":"<p>Cabernet sauvignon ima intenzivnej\u0161o rubinasto rde\u010do barvo z blagimi granatnimi odtenki.Vonj pre\u017eema sadna nota, ki se skrivnostno me\u0161a z vonjem za\u010dimb in vi\u0161enj. Kisline so poudarjene in zaznavne, kar daje vinu sorten zna\u010daj. Pookus je dalj\u0161i in prijeten.<\/p>\n","protected":false},"featured_media":1348,"template":"","meta":[],"product_cat":[16,24],"product_tag":[],"_links":{"self":[{"href":"https:\/\/www.dekanter-wines.com\/shop\/wp-json\/wp\/v2\/product\/1347"}],"collection":[{"href":"https:\/\/www.dekanter-wines.com\/shop\/wp-json\/wp\/v2\/product"}],"about":[{"href":"https:\/\/www.dekanter-wines.com\/shop\/wp-json\/wp\/v2\/types\/product"}],"wp:featuredmedia":[{"embeddable":true,"href":"https:\/\/www.dekanter-wines.com\/shop\/wp-json\/wp\/v2\/media\/1348"}],"wp:attachment":[{"href":"https:\/\/www.dekanter-wines.com\/shop\/wp-json\/wp\/v2\/media?parent=1347"}],"wp:term":[{"taxonomy":"product_cat","embeddable":true,"href":"https:\/\/www.dekanter-wines.com\/shop\/wp-json\/wp\/v2\/product_cat?post=1347"},{"taxonomy":"product_tag","embeddable":true,"href":"https:\/\/www.dekanter-wines.com\/shop\/wp-json\/wp\/v2\/product_tag?post=1347"}],"curies":[{"name":"wp","href":"https:\/\/api.w.org\/{rel}","templated":true}]}}